{"id":10,"date":"2023-06-06T03:58:49","date_gmt":"2023-06-06T03:58:49","guid":{"rendered":"https:\/\/hepsor.lv\/annenhof\/?page_id=10"},"modified":"2025-07-08T11:46:30","modified_gmt":"2025-07-08T08:46:30","slug":"sakumlapa","status":"publish","type":"page","link":"https:\/\/hepsor.lv\/annenhofmajas\/","title":{"rendered":"S\u0101kumlapa"},"content":{"rendered":"","protected":false},"excerpt":{"rendered":"","protected":false},"author":1,"featured_media":0,"parent":0,"menu_order":0,"comment_status":"closed","ping_status":"closed","template":"page-startpage.php","meta":{"inline_featured_image":false,"footnotes":""},"class_list":["post-10","page","type-page","status-publish","hentry"],"acf":[],"yoast_head":"<!-- This site is optimized with the Yoast SEO plugin v21.5 - https:\/\/yoast.com\/wordpress\/plugins\/seo\/ -->\n<title>S\u0101kumlapa | Annenhof M\u0101jas | J\u016brmalas gatve 74, R\u012bga<\/title>\n<meta name=\"description\" content=\"J\u016brmalas gatve 74, R\u012bga. Jauns 2 \u0113ku projekts, kas apvieno m\u016bsdien\u012bga arhitekt\u016bru, \u0113rtu lok\u0101ciju, energoefektivit\u0101ti un dabas sniegto skaistumu.\" \/>\n<meta name=\"robots\" content=\"index, follow, max-snippet:-1, max-image-preview:large, max-video-preview:-1\" \/>\n<link rel=\"canonical\" href=\"https:\/\/hepsor.lv\/annenhofmajas\/\" \/>\n<meta property=\"og:locale\" content=\"en_US\" \/>\n<meta property=\"og:type\" content=\"article\" \/>\n<meta property=\"og:title\" content=\"S\u0101kumlapa | Annenhof M\u0101jas | J\u016brmalas gatve 74, R\u012bga\" \/>\n<meta property=\"og:description\" content=\"J\u016brmalas gatve 74, R\u012bga. Jauns 2 \u0113ku projekts, kas apvieno m\u016bsdien\u012bga arhitekt\u016bru, \u0113rtu lok\u0101ciju, energoefektivit\u0101ti un dabas sniegto skaistumu.\" \/>\n<meta property=\"og:url\" content=\"https:\/\/hepsor.lv\/annenhofmajas\/\" \/>\n<meta property=\"og:site_name\" content=\"Annenhof M\u0101jas | J\u016brmalas gatve 74, R\u012bga\" \/>\n<meta property=\"article:modified_time\" content=\"2025-07-08T08:46:30+00:00\" \/>\n<meta property=\"og:image\" content=\"https:\/\/hepsor.lv\/annenhofmajas\/wp-content\/uploads\/2023\/09\/imanta_skats-3_nakts-1024x576.png\" \/>\n\t<meta property=\"og:image:width\" content=\"1024\" \/>\n\t<meta property=\"og:image:height\" content=\"576\" \/>\n\t<meta property=\"og:image:type\" content=\"image\/png\" \/>\n<meta name=\"twitter:card\" content=\"summary_large_image\" \/>\n<script type=\"application\/ld+json\" class=\"yoast-schema-graph\">{\"@context\":\"https:\/\/schema.org\",\"@graph\":[{\"@type\":\"WebPage\",\"@id\":\"https:\/\/hepsor.lv\/annenhofmajas\/\",\"url\":\"https:\/\/hepsor.lv\/annenhofmajas\/\",\"name\":\"S\u0101kumlapa | Annenhof M\u0101jas | J\u016brmalas gatve 74, R\u012bga\",\"isPartOf\":{\"@id\":\"https:\/\/hepsor.lv\/annenhofmajas\/#website\"},\"datePublished\":\"2023-06-06T03:58:49+00:00\",\"dateModified\":\"2025-07-08T08:46:30+00:00\",\"description\":\"J\u016brmalas gatve 74, R\u012bga. Jauns 2 \u0113ku projekts, kas apvieno m\u016bsdien\u012bga arhitekt\u016bru, \u0113rtu lok\u0101ciju, energoefektivit\u0101ti un dabas sniegto skaistumu.\",\"breadcrumb\":{\"@id\":\"https:\/\/hepsor.lv\/annenhofmajas\/#breadcrumb\"},\"inLanguage\":\"en-US\",\"potentialAction\":[{\"@type\":\"ReadAction\",\"target\":[\"https:\/\/hepsor.lv\/annenhofmajas\/\"]}]},{\"@type\":\"BreadcrumbList\",\"@id\":\"https:\/\/hepsor.lv\/annenhofmajas\/#breadcrumb\",\"itemListElement\":[{\"@type\":\"ListItem\",\"position\":1,\"name\":\"Home\",\"item\":\"https:\/\/hepsor.lv\/annenhofmajas\/\"},{\"@type\":\"ListItem\",\"position\":2,\"name\":\"S\u0101kumlapa\"}]},{\"@type\":\"WebSite\",\"@id\":\"https:\/\/hepsor.lv\/annenhofmajas\/#website\",\"url\":\"https:\/\/hepsor.lv\/annenhofmajas\/\",\"name\":\"Annenhof M\u0101jas | J\u016brmalas gatve 74, R\u012bga\",\"description\":\"\",\"potentialAction\":[{\"@type\":\"SearchAction\",\"target\":{\"@type\":\"EntryPoint\",\"urlTemplate\":\"https:\/\/hepsor.lv\/annenhofmajas\/?s={search_term_string}\"},\"query-input\":\"required name=search_term_string\"}],\"inLanguage\":\"en-US\"}]}<\/script>\n<!-- \/ Yoast SEO plugin. -->","yoast_head_json":{"title":"S\u0101kumlapa | Annenhof M\u0101jas | J\u016brmalas gatve 74, R\u012bga","description":"J\u016brmalas gatve 74, R\u012bga. Jauns 2 \u0113ku projekts, kas apvieno m\u016bsdien\u012bga arhitekt\u016bru, \u0113rtu lok\u0101ciju, energoefektivit\u0101ti un dabas sniegto skaistumu.","robots":{"index":"index","follow":"follow","max-snippet":"max-snippet:-1","max-image-preview":"max-image-preview:large","max-video-preview":"max-video-preview:-1"},"canonical":"https:\/\/hepsor.lv\/annenhofmajas\/","og_locale":"en_US","og_type":"article","og_title":"S\u0101kumlapa | Annenhof M\u0101jas | J\u016brmalas gatve 74, R\u012bga","og_description":"J\u016brmalas gatve 74, R\u012bga. Jauns 2 \u0113ku projekts, kas apvieno m\u016bsdien\u012bga arhitekt\u016bru, \u0113rtu lok\u0101ciju, energoefektivit\u0101ti un dabas sniegto skaistumu.","og_url":"https:\/\/hepsor.lv\/annenhofmajas\/","og_site_name":"Annenhof M\u0101jas | J\u016brmalas gatve 74, R\u012bga","article_modified_time":"2025-07-08T08:46:30+00:00","og_image":[{"width":1024,"height":576,"url":"https:\/\/hepsor.lv\/annenhofmajas\/wp-content\/uploads\/2023\/09\/imanta_skats-3_nakts-1024x576.png","type":"image\/png"}],"twitter_card":"summary_large_image","schema":{"@context":"https:\/\/schema.org","@graph":[{"@type":"WebPage","@id":"https:\/\/hepsor.lv\/annenhofmajas\/","url":"https:\/\/hepsor.lv\/annenhofmajas\/","name":"S\u0101kumlapa | Annenhof M\u0101jas | J\u016brmalas gatve 74, R\u012bga","isPartOf":{"@id":"https:\/\/hepsor.lv\/annenhofmajas\/#website"},"datePublished":"2023-06-06T03:58:49+00:00","dateModified":"2025-07-08T08:46:30+00:00","description":"J\u016brmalas gatve 74, R\u012bga. Jauns 2 \u0113ku projekts, kas apvieno m\u016bsdien\u012bga arhitekt\u016bru, \u0113rtu lok\u0101ciju, energoefektivit\u0101ti un dabas sniegto skaistumu.","breadcrumb":{"@id":"https:\/\/hepsor.lv\/annenhofmajas\/#breadcrumb"},"inLanguage":"en-US","potentialAction":[{"@type":"ReadAction","target":["https:\/\/hepsor.lv\/annenhofmajas\/"]}]},{"@type":"BreadcrumbList","@id":"https:\/\/hepsor.lv\/annenhofmajas\/#breadcrumb","itemListElement":[{"@type":"ListItem","position":1,"name":"Home","item":"https:\/\/hepsor.lv\/annenhofmajas\/"},{"@type":"ListItem","position":2,"name":"S\u0101kumlapa"}]},{"@type":"WebSite","@id":"https:\/\/hepsor.lv\/annenhofmajas\/#website","url":"https:\/\/hepsor.lv\/annenhofmajas\/","name":"Annenhof M\u0101jas | J\u016brmalas gatve 74, R\u012bga","description":"","potentialAction":[{"@type":"SearchAction","target":{"@type":"EntryPoint","urlTemplate":"https:\/\/hepsor.lv\/annenhofmajas\/?s={search_term_string}"},"query-input":"required name=search_term_string"}],"inLanguage":"en-US"}]}},"_links":{"self":[{"href":"https:\/\/hepsor.lv\/annenhofmajas\/wp-json\/wp\/v2\/pages\/10","targetHints":{"allow":["GET"]}}],"collection":[{"href":"https:\/\/hepsor.lv\/annenhofmajas\/wp-json\/wp\/v2\/pages"}],"about":[{"href":"https:\/\/hepsor.lv\/annenhofmajas\/wp-json\/wp\/v2\/types\/page"}],"author":[{"embeddable":true,"href":"https:\/\/hepsor.lv\/annenhofmajas\/wp-json\/wp\/v2\/users\/1"}],"replies":[{"embeddable":true,"href":"https:\/\/hepsor.lv\/annenhofmajas\/wp-json\/wp\/v2\/comments?post=10"}],"version-history":[{"count":185,"href":"https:\/\/hepsor.lv\/annenhofmajas\/wp-json\/wp\/v2\/pages\/10\/revisions"}],"predecessor-version":[{"id":2376,"href":"https:\/\/hepsor.lv\/annenhofmajas\/wp-json\/wp\/v2\/pages\/10\/revisions\/2376"}],"wp:attachment":[{"href":"https:\/\/hepsor.lv\/annenhofmajas\/wp-json\/wp\/v2\/media?parent=10"}],"curies":[{"name":"wp","href":"https:\/\/api.w.org\/{rel}","templated":true}]}}