{"id":928,"date":"2023-11-22T14:50:21","date_gmt":"2023-11-22T12:50:21","guid":{"rendered":"https:\/\/hepsor.lv\/annenhofmajas\/?page_id=928"},"modified":"2025-07-08T13:08:15","modified_gmt":"2025-07-08T10:08:15","slug":"o-proekte","status":"publish","type":"page","link":"https:\/\/hepsor.lv\/annenhofmajas\/ru\/o-proekte\/","title":{"rendered":"\u041e \u041f\u0420\u041e\u0415\u041a\u0422\u0415"},"content":{"rendered":"<pre id=\"tw-target-text\" class=\"tw-data-text tw-text-large tw-ta\" dir=\"ltr\" data-placeholder=\"Translation\" data-ved=\"2ahUKEwigsr3A0deCAxWbFBAIHb4NDJ0Q3ewLegQICRAQ\"><span class=\"Y2IQFc\" lang=\"ru\">\u041a\u0430\u043a \u043a\u0443\u043f\u0438\u0442\u044c \u0441\u0432\u043e\u0439 \u043d\u043e\u0432\u044b\u0439 \u0434\u043e\u043c \u0432 \u043d\u043e\u0432\u043e\u043c \u043f\u0440\u043e\u0435\u043a\u0442\u0435 Annenhof Homes?<\/span><\/pre>\n","protected":false},"excerpt":{"rendered":"<p>\u041a\u0430\u043a \u043a\u0443\u043f\u0438\u0442\u044c \u0441\u0432\u043e\u0439 \u043d\u043e\u0432\u044b\u0439 \u0434\u043e\u043c \u0432 \u043d\u043e\u0432\u043e\u043c \u043f\u0440\u043e\u0435\u043a\u0442\u0435 Annenhof Homes?<\/p>\n","protected":false},"author":1,"featured_media":0,"parent":0,"menu_order":0,"comment_status":"closed","ping_status":"closed","template":"page-about.php","meta":{"inline_featured_image":false,"footnotes":""},"class_list":["post-928","page","type-page","status-publish","hentry"],"acf":[],"yoast_head":"<!-- This site is optimized with the Yoast SEO plugin v21.5 - https:\/\/yoast.com\/wordpress\/plugins\/seo\/ -->\n<title>\u041e \u041f\u0420\u041e\u0415\u041a\u0422\u0415 | Annenhof M\u0101jas | J\u016brmalas gatve 74, R\u012bga<\/title>\n<meta name=\"robots\" content=\"index, follow, max-snippet:-1, max-image-preview:large, max-video-preview:-1\" \/>\n<link rel=\"canonical\" href=\"https:\/\/hepsor.lv\/annenhofmajas\/ru\/o-proekte\/\" \/>\n<meta property=\"og:locale\" content=\"en_US\" \/>\n<meta property=\"og:type\" content=\"article\" \/>\n<meta property=\"og:title\" content=\"\u041e \u041f\u0420\u041e\u0415\u041a\u0422\u0415 | Annenhof M\u0101jas | J\u016brmalas gatve 74, R\u012bga\" \/>\n<meta property=\"og:description\" content=\"\u041a\u0430\u043a \u043a\u0443\u043f\u0438\u0442\u044c \u0441\u0432\u043e\u0439 \u043d\u043e\u0432\u044b\u0439 \u0434\u043e\u043c \u0432 \u043d\u043e\u0432\u043e\u043c \u043f\u0440\u043e\u0435\u043a\u0442\u0435 Annenhof Homes?\" \/>\n<meta property=\"og:url\" content=\"https:\/\/hepsor.lv\/annenhofmajas\/ru\/o-proekte\/\" \/>\n<meta property=\"og:site_name\" content=\"Annenhof M\u0101jas | J\u016brmalas gatve 74, R\u012bga\" \/>\n<meta property=\"article:modified_time\" content=\"2025-07-08T10:08:15+00:00\" \/>\n<meta property=\"og:image\" content=\"https:\/\/hepsor.lv\/annenhofmajas\/wp-content\/uploads\/2023\/09\/imanta_skats-3_nakts-1024x576.png\" \/>\n\t<meta property=\"og:image:width\" content=\"1024\" \/>\n\t<meta property=\"og:image:height\" content=\"576\" \/>\n\t<meta property=\"og:image:type\" content=\"image\/png\" \/>\n<meta name=\"twitter:card\" content=\"summary_large_image\" \/>\n<script type=\"application\/ld+json\" class=\"yoast-schema-graph\">{\"@context\":\"https:\/\/schema.org\",\"@graph\":[{\"@type\":\"WebPage\",\"@id\":\"https:\/\/hepsor.lv\/annenhofmajas\/ru\/o-proekte\/\",\"url\":\"https:\/\/hepsor.lv\/annenhofmajas\/ru\/o-proekte\/\",\"name\":\"\u041e \u041f\u0420\u041e\u0415\u041a\u0422\u0415 | Annenhof M\u0101jas | J\u016brmalas gatve 74, R\u012bga\",\"isPartOf\":{\"@id\":\"https:\/\/hepsor.lv\/annenhofmajas\/#website\"},\"datePublished\":\"2023-11-22T12:50:21+00:00\",\"dateModified\":\"2025-07-08T10:08:15+00:00\",\"breadcrumb\":{\"@id\":\"https:\/\/hepsor.lv\/annenhofmajas\/ru\/o-proekte\/#breadcrumb\"},\"inLanguage\":\"en-US\",\"potentialAction\":[{\"@type\":\"ReadAction\",\"target\":[\"https:\/\/hepsor.lv\/annenhofmajas\/ru\/o-proekte\/\"]}]},{\"@type\":\"BreadcrumbList\",\"@id\":\"https:\/\/hepsor.lv\/annenhofmajas\/ru\/o-proekte\/#breadcrumb\",\"itemListElement\":[{\"@type\":\"ListItem\",\"position\":1,\"name\":\"Home\",\"item\":\"https:\/\/hepsor.lv\/annenhofmajas\/\"},{\"@type\":\"ListItem\",\"position\":2,\"name\":\"\u041e \u041f\u0420\u041e\u0415\u041a\u0422\u0415\"}]},{\"@type\":\"WebSite\",\"@id\":\"https:\/\/hepsor.lv\/annenhofmajas\/#website\",\"url\":\"https:\/\/hepsor.lv\/annenhofmajas\/\",\"name\":\"Annenhof M\u0101jas | J\u016brmalas gatve 74, R\u012bga\",\"description\":\"\",\"potentialAction\":[{\"@type\":\"SearchAction\",\"target\":{\"@type\":\"EntryPoint\",\"urlTemplate\":\"https:\/\/hepsor.lv\/annenhofmajas\/?s={search_term_string}\"},\"query-input\":\"required name=search_term_string\"}],\"inLanguage\":\"en-US\"}]}<\/script>\n<!-- \/ Yoast SEO plugin. -->","yoast_head_json":{"title":"\u041e \u041f\u0420\u041e\u0415\u041a\u0422\u0415 | Annenhof M\u0101jas | J\u016brmalas gatve 74, R\u012bga","robots":{"index":"index","follow":"follow","max-snippet":"max-snippet:-1","max-image-preview":"max-image-preview:large","max-video-preview":"max-video-preview:-1"},"canonical":"https:\/\/hepsor.lv\/annenhofmajas\/ru\/o-proekte\/","og_locale":"en_US","og_type":"article","og_title":"\u041e \u041f\u0420\u041e\u0415\u041a\u0422\u0415 | Annenhof M\u0101jas | J\u016brmalas gatve 74, R\u012bga","og_description":"\u041a\u0430\u043a \u043a\u0443\u043f\u0438\u0442\u044c \u0441\u0432\u043e\u0439 \u043d\u043e\u0432\u044b\u0439 \u0434\u043e\u043c \u0432 \u043d\u043e\u0432\u043e\u043c \u043f\u0440\u043e\u0435\u043a\u0442\u0435 Annenhof Homes?","og_url":"https:\/\/hepsor.lv\/annenhofmajas\/ru\/o-proekte\/","og_site_name":"Annenhof M\u0101jas | J\u016brmalas gatve 74, R\u012bga","article_modified_time":"2025-07-08T10:08:15+00:00","og_image":[{"width":1024,"height":576,"url":"https:\/\/hepsor.lv\/annenhofmajas\/wp-content\/uploads\/2023\/09\/imanta_skats-3_nakts-1024x576.png","type":"image\/png"}],"twitter_card":"summary_large_image","schema":{"@context":"https:\/\/schema.org","@graph":[{"@type":"WebPage","@id":"https:\/\/hepsor.lv\/annenhofmajas\/ru\/o-proekte\/","url":"https:\/\/hepsor.lv\/annenhofmajas\/ru\/o-proekte\/","name":"\u041e \u041f\u0420\u041e\u0415\u041a\u0422\u0415 | Annenhof M\u0101jas | J\u016brmalas gatve 74, R\u012bga","isPartOf":{"@id":"https:\/\/hepsor.lv\/annenhofmajas\/#website"},"datePublished":"2023-11-22T12:50:21+00:00","dateModified":"2025-07-08T10:08:15+00:00","breadcrumb":{"@id":"https:\/\/hepsor.lv\/annenhofmajas\/ru\/o-proekte\/#breadcrumb"},"inLanguage":"en-US","potentialAction":[{"@type":"ReadAction","target":["https:\/\/hepsor.lv\/annenhofmajas\/ru\/o-proekte\/"]}]},{"@type":"BreadcrumbList","@id":"https:\/\/hepsor.lv\/annenhofmajas\/ru\/o-proekte\/#breadcrumb","itemListElement":[{"@type":"ListItem","position":1,"name":"Home","item":"https:\/\/hepsor.lv\/annenhofmajas\/"},{"@type":"ListItem","position":2,"name":"\u041e \u041f\u0420\u041e\u0415\u041a\u0422\u0415"}]},{"@type":"WebSite","@id":"https:\/\/hepsor.lv\/annenhofmajas\/#website","url":"https:\/\/hepsor.lv\/annenhofmajas\/","name":"Annenhof M\u0101jas | J\u016brmalas gatve 74, R\u012bga","description":"","potentialAction":[{"@type":"SearchAction","target":{"@type":"EntryPoint","urlTemplate":"https:\/\/hepsor.lv\/annenhofmajas\/?s={search_term_string}"},"query-input":"required name=search_term_string"}],"inLanguage":"en-US"}]}},"_links":{"self":[{"href":"https:\/\/hepsor.lv\/annenhofmajas\/wp-json\/wp\/v2\/pages\/928","targetHints":{"allow":["GET"]}}],"collection":[{"href":"https:\/\/hepsor.lv\/annenhofmajas\/wp-json\/wp\/v2\/pages"}],"about":[{"href":"https:\/\/hepsor.lv\/annenhofmajas\/wp-json\/wp\/v2\/types\/page"}],"author":[{"embeddable":true,"href":"https:\/\/hepsor.lv\/annenhofmajas\/wp-json\/wp\/v2\/users\/1"}],"replies":[{"embeddable":true,"href":"https:\/\/hepsor.lv\/annenhofmajas\/wp-json\/wp\/v2\/comments?post=928"}],"version-history":[{"count":33,"href":"https:\/\/hepsor.lv\/annenhofmajas\/wp-json\/wp\/v2\/pages\/928\/revisions"}],"predecessor-version":[{"id":2406,"href":"https:\/\/hepsor.lv\/annenhofmajas\/wp-json\/wp\/v2\/pages\/928\/revisions\/2406"}],"wp:attachment":[{"href":"https:\/\/hepsor.lv\/annenhofmajas\/wp-json\/wp\/v2\/media?parent=928"}],"curies":[{"name":"wp","href":"https:\/\/api.w.org\/{rel}","templated":true}]}}