{"id":1853,"date":"2025-02-11T10:38:27","date_gmt":"2025-02-11T07:38:27","guid":{"rendered":"https:\/\/hepsor.lv\/kirsukalnamajas\/hoonest\/"},"modified":"2026-03-11T14:17:22","modified_gmt":"2026-03-11T11:17:22","slug":"par-projektu","status":"publish","type":"page","link":"https:\/\/hepsor.lv\/kirsukalnamajas\/par-projektu\/","title":{"rendered":"Par projektu"},"content":{"rendered":"\n<section class=\"front-header-block position-relative\">\n    <div class=\"background position-absolute top-0 start-0 w-100 h-100\">\n                    <div class=\"image w-100 h-100 bg-center no-lazy\" style=\"background-image: url(https:\/\/hepsor.lv\/kirsukalnamajas\/wp-content\/uploads\/2025\/09\/dab05884c6dc7da73c2f9031b97c45d84a49737b.avif);\"><\/div>\n        \n            <\/div>\n<\/section>\n\n\n<section class=\"text-column-block py-md-136 py-80\">\n    <div class=\"container\">\n        <div class=\"row gx-xl-64 gx-md-48\">\n                            <div class=\"col col-xl-6 col-12 text-xl-end text-center\">\n                    <div class=\"col-title d-flex flex-column fade-accent\">\n                                                    <div class=\"col-main-title position-relative\">\n                                <div class=\"col-main-title-bg bg-white position-absolute w-100 h-100\"><\/div>\n                                <h1 class=\"position-relative mb-0\">p\u0101rdom\u0101ts<\/h1>\n                            <\/div>\n                        \n                                                    <div class=\"col-accent-title\">\n                                <h1 class=\"h-accent mb-0\">dizains<\/h1>\n                            <\/div>\n                                            <\/div>\n                <\/div>\n                                        <div class=\"col col-xl-6 col-12\">\n                    <div class=\"col-text text-xl-start text-center\">\n                        <div class=\"col-text-content\">\n                            <p>Tepat tuvaj\u0101 P\u0101rdaugav\u0101, tikai 15 min\u016b\u0161u brauciena att\u0101lum\u0101 no Vecr\u012bgas, jaunais projekts &#8220;\u0136ir\u0161u Kalna M\u0101jas&#8221; apvieno skandin\u0101vu iedvesmotu arhitekt\u016bru ar m\u016bsdien\u012bgu komfortu. \u0112ku tekstur\u0113t\u0101s fas\u0101des, ieejas koka pane\u013ci un st\u016bra logi rada p\u0101rsteidzo\u0161us, gai\u0161us dz\u012bvok\u013cus, savuk\u0101rt terases ar ieb\u016bv\u0113t\u0101m pu\u0137u kast\u0113m pied\u0101v\u0101 priv\u0101tas atp\u016btas vietu br\u012bv\u0101 dab\u0101. Komplekss, kas projekt\u0113ts, dom\u0101jot par \u0123imen\u0113m, investoriem un jaunu speci\u0101listu ikdienu, pied\u0101v\u0101 dro\u0161u sl\u0113gtu \u00a0vidi ar videonov\u0113ro\u0161anu, unik\u0101lu pagalmu sen\u0101 kaln\u0101 ar atp\u016btas un medit\u0101cijas vietu, k\u0101 ar\u012b \u0113rtu pazemes un pagalma l\u012bme\u0146a autost\u0101vvietu.<\/p>\n                        <\/div>\n                                            <\/div>\n                <\/div>\n                    <\/div>\n    <\/div>\n<\/section>\n\n\n<section class=\"icons-list-block py-lg-136 py-56 text-center\">\n    <div class=\"container\">\n        <div class=\"row justify-content-lg-between justify-content-center gy-lg-80 gy-72\">\n                                            <div class=\"icon col col-lg-3 col-md-6 col-12 d-flex flex-column align-items-center\">\n                    <div class=\"image-wrapper w-100 d-flex justify-content-center align-items-center mb-32\">\n                        <img loading=\"lazy\" decoding=\"async\" class=\"object-fit-contain\" src=\"https:\/\/hepsor.lv\/kirsukalnamajas\/wp-content\/uploads\/2025\/09\/a-1.svg\" width=\"75\" height=\"48\" alt=\"\" \/>\n                    <\/div>\n                    <div class=\"text-wrapper d-flex align-items-center fs-20\">\n                        <p>energoefektivit\u0101tes <br \/>\r\nstandarti<\/p>\n                    <\/div>\n                <\/div>\n                                            <div class=\"icon col col-lg-3 col-md-6 col-12 d-flex flex-column align-items-center\">\n                    <div class=\"image-wrapper w-100 d-flex justify-content-center align-items-center mb-32\">\n                        <img loading=\"lazy\" decoding=\"async\" class=\"object-fit-contain\" src=\"https:\/\/hepsor.lv\/kirsukalnamajas\/wp-content\/uploads\/2025\/09\/layer_1-29.svg\" width=\"72\" height=\"69\" alt=\"\" \/>\n                    <\/div>\n                    <div class=\"text-wrapper d-flex align-items-center fs-20\">\n                        <p>Kr\u0101sota apmetuma <br \/>\r\nfas\u0101de ar <br \/>\r\nakcentiem<\/p>\n                    <\/div>\n                <\/div>\n                                            <div class=\"icon col col-lg-3 col-md-6 col-12 d-flex flex-column align-items-center\">\n                    <div class=\"image-wrapper w-100 d-flex justify-content-center align-items-center mb-32\">\n                        <img loading=\"lazy\" decoding=\"async\" class=\"object-fit-contain\" src=\"https:\/\/hepsor.lv\/kirsukalnamajas\/wp-content\/uploads\/2025\/09\/layer_1-30.svg\" width=\"33\" height=\"56\" alt=\"\" \/>\n                    <\/div>\n                    <div class=\"text-wrapper d-flex align-items-center fs-20\">\n                        <p>Tr\u012bsk\u0101r\u0161\u0101 stikla <br \/>\r\nPVC logi<\/p>\n                    <\/div>\n                <\/div>\n                                            <div class=\"icon col col-lg-3 col-md-6 col-12 d-flex flex-column align-items-center\">\n                    <div class=\"image-wrapper w-100 d-flex justify-content-center align-items-center mb-32\">\n                        <img loading=\"lazy\" decoding=\"async\" class=\"object-fit-contain\" src=\"https:\/\/hepsor.lv\/kirsukalnamajas\/wp-content\/uploads\/2025\/09\/layer_1-31.svg\" width=\"30\" height=\"56\" alt=\"\" \/>\n                    <\/div>\n                    <div class=\"text-wrapper d-flex align-items-center fs-20\">\n                        <p>Apsild\u0101mas gr\u012bdas<\/p>\n                    <\/div>\n                <\/div>\n                                            <div class=\"icon col col-lg-3 col-md-6 col-12 d-flex flex-column align-items-center\">\n                    <div class=\"image-wrapper w-100 d-flex justify-content-center align-items-center mb-32\">\n                        <img loading=\"lazy\" decoding=\"async\" class=\"object-fit-contain\" src=\"https:\/\/hepsor.lv\/kirsukalnamajas\/wp-content\/uploads\/2025\/09\/frame-42.svg\" width=\"65\" height=\"65\" alt=\"\" \/>\n                    <\/div>\n                    <div class=\"text-wrapper d-flex align-items-center fs-20\">\n                        <p>Ventil\u0101cija ar <br \/>\r\nsiltuma atg\u016b\u0161anu<\/p>\n                    <\/div>\n                <\/div>\n                                            <div class=\"icon col col-lg-3 col-md-6 col-12 d-flex flex-column align-items-center\">\n                    <div class=\"image-wrapper w-100 d-flex justify-content-center align-items-center mb-32\">\n                        <img loading=\"lazy\" decoding=\"async\" class=\"object-fit-contain\" src=\"https:\/\/hepsor.lv\/kirsukalnamajas\/wp-content\/uploads\/2025\/09\/isolation_mode-3.svg\" width=\"90\" height=\"79\" alt=\"\" \/>\n                    <\/div>\n                    <div class=\"text-wrapper d-flex align-items-center fs-20\">\n                        <p>Dro\u0161a vide<br \/>\r\nun teritorija<\/p>\n                    <\/div>\n                <\/div>\n                                            <div class=\"icon col col-lg-3 col-md-6 col-12 d-flex flex-column align-items-center\">\n                    <div class=\"image-wrapper w-100 d-flex justify-content-center align-items-center mb-32\">\n                        <img loading=\"lazy\" decoding=\"async\" class=\"object-fit-contain\" src=\"https:\/\/hepsor.lv\/kirsukalnamajas\/wp-content\/uploads\/2025\/09\/layer_1-32.svg\" width=\"54\" height=\"56\" alt=\"\" \/>\n                    <\/div>\n                    <div class=\"text-wrapper d-flex align-items-center fs-20\">\n                        <p>Cinkotas margas <br \/>\r\nar pu\u0137upodiem<\/p>\n                    <\/div>\n                <\/div>\n                                            <div class=\"icon col col-lg-3 col-md-6 col-12 d-flex flex-column align-items-center\">\n                    <div class=\"image-wrapper w-100 d-flex justify-content-center align-items-center mb-32\">\n                        <img loading=\"lazy\" decoding=\"async\" class=\"object-fit-contain\" src=\"https:\/\/hepsor.lv\/kirsukalnamajas\/wp-content\/uploads\/2025\/09\/layer_1-33.svg\" width=\"50\" height=\"61\" alt=\"\" \/>\n                    <\/div>\n                    <div class=\"text-wrapper d-flex align-items-center fs-20\">\n                        <p>Dobi arm\u0113ti <br \/>\r\nbloki<\/p>\n                    <\/div>\n                <\/div>\n                    <\/div>\n    <\/div>\n<\/section>\n\n\n<section class=\"container-text-image-block overflow-hidden pt-lg-68 pb-lg-136 py-80\">\n    <div class=\"container\">\n        <div class=\"row align-items-center gx-xl-80 flex-row-reverse\">\n            <div class=\"text-col mb-xl-0 mb-80 col col-lg col-12\">\n                <div class=\"text-col-content text-lg-start text-center\">\n                    <div class=\"col-title fade-accent mb-40\">\n                                                    <div class=\"col-accent-title\">\n                                <h1 class=\"h-accent mb-0\">ruume<\/h1>\n                            <\/div>\n                                                                            <div class=\"col-main-title position-relative\">\n                                <div class=\"col-main-title-bg bg-white position-absolute w-100 h-100\"><\/div>\n                                <h1 class=\"position-relative mb-0\">arhitekti<\/h1>\n                            <\/div>\n                                            <\/div>\n                    <div class=\"text-wrapper\">\n                        <div class=\"text-wrapper-content\">\n                            <p>M\u0113s esam arhitekt\u016bras un urbanistikas birojs, kas atrodas R\u012bg\u0101. M\u0113s atbild\u012bgi veidojam b\u016bv\u0113to vidi. M\u016bsu aizraut\u012bba ir ilgtsp\u0113j\u012bgu, notur\u012bgu un iek\u013caujo\u0161u pils\u0113tu projekt\u0113\u0161ana, kur\u0101s priorit\u0101te ir gan pa\u0161reiz\u0113jo, gan n\u0101kamo paaud\u017eu labkl\u0101j\u012bba.<\/p>\n                        <\/div>\n                                            <\/div>\n                <\/div>\n            <\/div>\n            <div class=\"image-col col col-lg col-12\">\n                <div class=\"image-wrap position-relative translate-image translate-image-left edged-left\">\n                    <img loading=\"lazy\" decoding=\"async\" class=\"\" src=\"https:\/\/hepsor.lv\/kirsukalnamajas\/wp-content\/uploads\/2025\/09\/e464c4e363866960136f7a709b3bbe75a598edcd.avif\" width=\"1000\" height=\"670\" alt=\"\" \/>\n                                    <\/div>\n            <\/div>\n        <\/div>\n    <\/div>\n<\/section>\n\n\n<section class=\"timeline-block position-relative bg-project-main color-white py-lg-136 py-80\">\n    <div class=\"container\">\n                    <h2 class=\"mb-80 text-center\">Laika skala<\/h2>\n                <div class=\"years d-flex flex-lg-row flex-column justify-content-center\">\n                            \n                                    <div class=\"spacer overflow-hidden animate-year\">\n                        <svg class=\"d-lg-block d-none\" xmlns=\"http:\/\/www.w3.org\/2000\/svg\" width=\"65\" height=\"13\" viewBox=\"0 0 65 13\" fill=\"none\">\n                            <path d=\"M64.2803 7.03033C64.5732 6.73744 64.5732 6.26256 64.2803 5.96967L59.5074 1.1967C59.2145 0.903806 58.7396 0.903806 58.4467 1.1967C58.1538 1.48959 58.1538 1.96447 58.4467 2.25736L62.6893 6.5L58.4467 10.7426C58.1538 11.0355 58.1538 11.5104 58.4467 11.8033C58.7396 12.0962 59.2145 12.0962 59.5074 11.8033L64.2803 7.03033ZM0.75 7.25H63.75V5.75H0.75V7.25Z\" fill=\"white\"\/>\n                        <\/svg>\n                        <svg class=\"d-lg-none d-block\" xmlns=\"http:\/\/www.w3.org\/2000\/svg\" width=\"13\" height=\"64\" viewBox=\"0 0 13 64\" fill=\"none\">\n                            <path d=\"M5.96967 63.5303C6.26256 63.8232 6.73744 63.8232 7.03033 63.5303L11.8033 58.7574C12.0962 58.4645 12.0962 57.9896 11.8033 57.6967C11.5104 57.4038 11.0355 57.4038 10.7426 57.6967L6.5 61.9393L2.25736 57.6967C1.96447 57.4038 1.48959 57.4038 1.1967 57.6967C0.903806 57.9896 0.903806 58.4645 1.1967 58.7574L5.96967 63.5303ZM5.75 0L5.75 63H7.25L7.25 0L5.75 0Z\" fill=\"white\"\/>\n                        <\/svg>\n                    <\/div>\n                \n                <div class=\"year overflow-hidden animate-year\">\n                    <div class=\"year-content d-flex flex-column align-items-center justify-content-center gap-24 fs-20\">\n                        <p class=\"mb-0 text-center text-uppercase\">S\u0100KAS B\u016aVNIEC\u012aBA<\/p>                        <p class=\"mb-0 h2-accent fs-56 color-white\">2026<\/p>                        <p class=\"mb-0\">S\u0100KUMS<\/p>                    <\/div>\n                <\/div>\n                \n                                            \n                                    <div class=\"spacer overflow-hidden animate-year\">\n                        <svg class=\"d-lg-block d-none\" xmlns=\"http:\/\/www.w3.org\/2000\/svg\" width=\"33\" height=\"3\" viewBox=\"0 0 33 3\" fill=\"none\">\n                            <path d=\"M0.75 1.5H32.25\" stroke=\"white\" stroke-width=\"1.5\"\/>\n                        <\/svg>\n                        <svg class=\"d-lg-none d-block\" xmlns=\"http:\/\/www.w3.org\/2000\/svg\" width=\"3\" height=\"32\" viewBox=\"0 0 3 32\" fill=\"none\">\n                            <path d=\"M1.5 31.5L1.5 2.38419e-07\" stroke=\"white\" stroke-width=\"1.5\"\/>\n                        <\/svg>\n                    <\/div>\n                \n                <div class=\"year overflow-hidden animate-year\">\n                    <div class=\"year-content d-flex flex-column align-items-center justify-content-center gap-24 fs-20\">\n                        <p class=\"mb-0 text-center text-uppercase\">M\u0100JAS GATAVAS<\/p>                        <p class=\"mb-0 h2-accent fs-56 color-white\">2027<\/p>                        <p class=\"mb-0\">VASARA<\/p>                    <\/div>\n                <\/div>\n                \n                                    <div class=\"spacer overflow-hidden animate-year\">\n                        <svg class=\"d-lg-block d-none\" xmlns=\"http:\/\/www.w3.org\/2000\/svg\" width=\"65\" height=\"13\" viewBox=\"0 0 65 13\" fill=\"none\">\n                            <path d=\"M64.2803 7.03033C64.5732 6.73744 64.5732 6.26256 64.2803 5.96967L59.5074 1.1967C59.2145 0.903806 58.7396 0.903806 58.4467 1.1967C58.1538 1.48959 58.1538 1.96447 58.4467 2.25736L62.6893 6.5L58.4467 10.7426C58.1538 11.0355 58.1538 11.5104 58.4467 11.8033C58.7396 12.0962 59.2145 12.0962 59.5074 11.8033L64.2803 7.03033ZM0.75 7.25H63.75V5.75H0.75V7.25Z\" fill=\"white\"\/>\n                        <\/svg>\n                        <svg class=\"d-lg-none d-block\" xmlns=\"http:\/\/www.w3.org\/2000\/svg\" width=\"13\" height=\"64\" viewBox=\"0 0 13 64\" fill=\"none\">\n                            <path d=\"M5.96967 63.5303C6.26256 63.8232 6.73744 63.8232 7.03033 63.5303L11.8033 58.7574C12.0962 58.4645 12.0962 57.9896 11.8033 57.6967C11.5104 57.4038 11.0355 57.4038 10.7426 57.6967L6.5 61.9393L2.25736 57.6967C1.96447 57.4038 1.48959 57.4038 1.1967 57.6967C0.903806 57.9896 0.903806 58.4645 1.1967 58.7574L5.96967 63.5303ZM5.75 0L5.75 63H7.25L7.25 0L5.75 0Z\" fill=\"white\"\/>\n                        <\/svg>\n                    <\/div>\n                                    <\/div>\n    <\/div>\n<\/section>\n\n\n<section class=\"image-block position-relative\">\n    \n    <div class=\"translate-illustration\">\n        <img decoding=\"async\" src=\"https:\/\/hepsor.lv\/kirsukalnamajas\/wp-content\/themes\/cherryhillhomes\/images\/illustrations\/image-top-left-flower.svg\" alt=\"\">\n    <\/div>\n\n    <img loading=\"lazy\" decoding=\"async\" class=\" d-md-block d-none\" src=\"https:\/\/hepsor.lv\/kirsukalnamajas\/wp-content\/uploads\/2026\/01\/buildings-img-1-scaled.png\" width=\"2560\" height=\"1465\" alt=\"\" \/>\n\n            <img loading=\"lazy\" decoding=\"async\" class=\"mobile-image d-md-none d-block\" src=\"https:\/\/hepsor.lv\/kirsukalnamajas\/wp-content\/uploads\/2026\/01\/buildingsx2.png\" width=\"786\" height=\"1200\" alt=\"\" \/>\n        <\/section>\n\n\n<section class=\"developers-block position-relative py-lg-136 py-80\">\n    <div class=\"container\">\n        <div class=\"row gx-xl-80 gy-80\">\n                                            <div class=\"col col-12\">\n                    <div class=\"developer-content w-100 mx-auto d-flex flex-column align-items-center justify-content-center text-center\">\n                        <p class=\"mb-24 fs-20 text-uppercase\">Izstr\u0101d\u0101t\u0101js<\/p>                        \n                                                    <a class=\"developer-logo d-inline-block\" href=\"https:\/\/hepsor.lv\/\" target=\"_blank\">\n                                <img loading=\"lazy\" decoding=\"async\" class=\"w-100 h-100 object-fit-contain\" src=\"https:\/\/hepsor.lv\/kirsukalnamajas\/wp-content\/uploads\/2025\/02\/Logo-1.svg\" width=\"130\" height=\"42\" alt=\"\" \/>\n                            <\/a>\n                        \n                        <div class=\"developer-description mt-24 fs-12 fade-in-up\">\u201cHepsor\u201d ir viens no progres\u012bv\u0101kajiem nekustamo \u012bpa\u0161umu att\u012bst\u012bt\u0101jiem Latvij\u0101 ar 13 gadu pieredzi un vair\u0101k nek\u0101 pieciem iev\u0113rojamiem projektiem, kas pabeigti v\u0113sturiskaj\u0101 \u0100genskalna rajon\u0101. M\u0113s rad\u0101m vair\u0101k nek\u0101 tikai \u0113kas \u2013 m\u0113s projekt\u0113jam dz\u012bves vidi, kur\u0101 priv\u0101tums un m\u016bsdien\u012bga infrastrukt\u016bra past\u0101v perfekt\u0101 harmonij\u0101, kur ekolo\u0123iski risin\u0101jumi, piem\u0113ram, skaisti labiek\u0101rtots kalns, bag\u0101tina pagalmu un kur katra telpa ir p\u0101rdom\u0101ti pl\u0101nota, lai t\u0101 b\u016btu pieejama un \u0113rta visu vecumu iedz\u012bvot\u0101jiem.<\/div>                    <\/div>\n                <\/div>\n                    <\/div>\n    <\/div>\n<\/section>","protected":false},"excerpt":{"rendered":"","protected":false},"author":1,"featured_media":0,"parent":0,"menu_order":0,"comment_status":"closed","ping_status":"closed","template":"","meta":{"_acf_changed":false,"footnotes":""},"class_list":["post-1853","page","type-page","status-publish","hentry"],"acf":[],"_links":{"self":[{"href":"https:\/\/hepsor.lv\/kirsukalnamajas\/wp-json\/wp\/v2\/pages\/1853","targetHints":{"allow":["GET"]}}],"collection":[{"href":"https:\/\/hepsor.lv\/kirsukalnamajas\/wp-json\/wp\/v2\/pages"}],"about":[{"href":"https:\/\/hepsor.lv\/kirsukalnamajas\/wp-json\/wp\/v2\/types\/page"}],"author":[{"embeddable":true,"href":"https:\/\/hepsor.lv\/kirsukalnamajas\/wp-json\/wp\/v2\/users\/1"}],"replies":[{"embeddable":true,"href":"https:\/\/hepsor.lv\/kirsukalnamajas\/wp-json\/wp\/v2\/comments?post=1853"}],"version-history":[{"count":12,"href":"https:\/\/hepsor.lv\/kirsukalnamajas\/wp-json\/wp\/v2\/pages\/1853\/revisions"}],"predecessor-version":[{"id":4402,"href":"https:\/\/hepsor.lv\/kirsukalnamajas\/wp-json\/wp\/v2\/pages\/1853\/revisions\/4402"}],"wp:attachment":[{"href":"https:\/\/hepsor.lv\/kirsukalnamajas\/wp-json\/wp\/v2\/media?parent=1853"}],"curies":[{"name":"wp","href":"https:\/\/api.w.org\/{rel}","templated":true}]}}