{"id":1859,"date":"2025-02-11T10:38:20","date_gmt":"2025-02-11T07:38:20","guid":{"rendered":"https:\/\/hepsor.lv\/kirsukalnamajas\/roheline-motteviis\/"},"modified":"2026-02-16T18:18:49","modified_gmt":"2026-02-16T15:18:49","slug":"zala-domasana","status":"publish","type":"page","link":"https:\/\/hepsor.lv\/kirsukalnamajas\/zala-domasana\/","title":{"rendered":"Za\u013c\u0101 dom\u0101\u0161ana"},"content":{"rendered":"\n<section class=\"front-header-block position-relative\">\n    <div class=\"background position-absolute top-0 start-0 w-100 h-100\">\n                    <div class=\"image w-100 h-100 bg-center no-lazy\" style=\"background-image: url(https:\/\/hepsor.lv\/kirsukalnamajas\/wp-content\/uploads\/2025\/11\/eizenijas-18_c05_0005.jpg);\"><\/div>\n        \n            <\/div>\n<\/section>\n\n\n<section class=\"green-thinking-block overflow-hidden py-lg-136 py-80\"  data-anchor=\"roheline-motteviis\">\n    <div class=\"container\">\n                    <div class=\"block-intro-image text-center mb-xl-80 mb-56\">\n                <img loading=\"lazy\" decoding=\"async\" class=\"green-thinking-image\" src=\"https:\/\/hepsor.lv\/kirsukalnamajas\/wp-content\/uploads\/2025\/08\/Group.svg\" width=\"207\" height=\"211\" alt=\"\" \/>\n            <\/div>\n        \n        <div class=\"row\">\n            <div class=\"title-col col-xl-6 col-12 text-xl-end text-center\">\n                <div class=\"text-col-content\">\n                    <div class=\"col-title fade-accent mb-32\">\n                                                    <div class=\"col-accent-title\">\n                                <h1 class=\"h-accent mb-0\">za\u013c\u0101<\/h1>\n                            <\/div>\n                                                                            <div class=\"col-main-title position-relative\">\n                                <div class=\"col-main-title-bg bg-white position-absolute w-100 h-100\"><\/div>\n                                <h1 class=\"position-relative mb-0\">dom\u0101\u0161ana<\/h1>\n                            <\/div>\n                                                                    <\/div>\n                <\/div>\n            <\/div>\n            <div class=\"text-col col-xl-6 col-12\">\n                <div class=\"text-wrapper text-xl-start text-center\">\n                    <div class=\"text-wrapper-content\">\n                        <p>Katra deta\u013ca ir r\u016bp\u012bgi un ar siltumu p\u0101rdom\u0101ta. Gan pazemes, gan virszemes autost\u0101vvietas nodro\u0161ina ikdienas komfortu, savuk\u0101rt atsevi\u0161\u0137a vieta rati\u0146iem un velosip\u0113diem sniedz \u0113rt\u012bbas un k\u0101rt\u012bbu akt\u012bv\u0101m \u0123imen\u0113m.<\/p>\n<p>Divas atsevi\u0161\u0137as velosip\u0113du novietnes veicina za\u013c\u0101ku dz\u012bvesveidu. Norobe\u017eota atkritumu konteineru zona ar atkritumu \u0161\u0137iro\u0161anas iesp\u0113j\u0101m m\u016bs tuvina ilgtsp\u0113j\u012bgai r\u012btdienai. Tikm\u0113r labiek\u0101rtot\u0101 apk\u0101rtne harmoniski sapl\u016bst ar apk\u0101rt\u0113jo vidi, radot pat\u012bkamu atmosf\u0113ru jau no pirm\u0101 so\u013ca.<\/p>\n<p>\u0160\u012b b\u016bs dro\u0161a, sl\u0113gta un patiesi m\u0101j\u012bga dz\u012bvesvieta.<\/p>\n                    <\/div>\n                                    <\/div>\n            <\/div>\n        <\/div>\n    <\/div>\n<\/section>\n\n\n<section class=\"icons-list-block py-lg-136 py-56 text-center\">\n    <div class=\"container\">\n        <div class=\"row justify-content-lg-between justify-content-center gy-lg-80 gy-72\">\n                                            <div class=\"icon col col-lg-3 col-md-6 col-12 d-flex flex-column align-items-center\">\n                    <div class=\"image-wrapper w-100 d-flex justify-content-center align-items-center mb-32\">\n                        <img loading=\"lazy\" decoding=\"async\" class=\"object-fit-contain\" src=\"https:\/\/hepsor.lv\/kirsukalnamajas\/wp-content\/uploads\/2025\/09\/a.svg\" width=\"75\" height=\"47\" alt=\"\" \/>\n                    <\/div>\n                    <div class=\"text-wrapper d-flex align-items-center fs-20\">\n                        <p>Energoefektivit\u0101tes standarti<\/p>\n                    <\/div>\n                <\/div>\n                                            <div class=\"icon col col-lg-3 col-md-6 col-12 d-flex flex-column align-items-center\">\n                    <div class=\"image-wrapper w-100 d-flex justify-content-center align-items-center mb-32\">\n                        <img loading=\"lazy\" decoding=\"async\" class=\"object-fit-contain\" src=\"https:\/\/hepsor.lv\/kirsukalnamajas\/wp-content\/uploads\/2025\/09\/layer_1-27.svg\" width=\"96\" height=\"68\" alt=\"\" \/>\n                    <\/div>\n                    <div class=\"text-wrapper d-flex align-items-center fs-20\">\n                        <p>G\u0101j\u0113ju celi\u0146i, <br \/>\r\nrota\u013cu laukumi <br \/>\r\nun aktivit\u0101\u0161u zonas<\/p>\n                    <\/div>\n                <\/div>\n                                            <div class=\"icon col col-lg-3 col-md-6 col-12 d-flex flex-column align-items-center\">\n                    <div class=\"image-wrapper w-100 d-flex justify-content-center align-items-center mb-32\">\n                        <img loading=\"lazy\" decoding=\"async\" class=\"object-fit-contain\" src=\"https:\/\/hepsor.lv\/kirsukalnamajas\/wp-content\/uploads\/2025\/09\/layer_1-28.svg\" width=\"184\" height=\"62\" alt=\"\" \/>\n                    <\/div>\n                    <div class=\"text-wrapper d-flex align-items-center fs-20\">\n                        <p>B\u0113rnu rota\u013cu <br \/>\r\nlaukuma apr\u012bkojums<\/p>\n                    <\/div>\n                <\/div>\n                                            <div class=\"icon col col-lg-3 col-md-6 col-12 d-flex flex-column align-items-center\">\n                    <div class=\"image-wrapper w-100 d-flex justify-content-center align-items-center mb-32\">\n                        <img loading=\"lazy\" decoding=\"async\" class=\"object-fit-contain\" src=\"https:\/\/hepsor.lv\/kirsukalnamajas\/wp-content\/uploads\/2025\/09\/elevator_svgrepo.com_.svg\" width=\"79\" height=\"78\" alt=\"\" \/>\n                    <\/div>\n                    <div class=\"text-wrapper d-flex align-items-center fs-20\">\n                        <p>Lifts <br \/>\r\nkatr\u0101 \u0113k\u0101<\/p>\n                    <\/div>\n                <\/div>\n                    <\/div>\n    <\/div>\n<\/section>\n\n\n<section class=\"text-image-block overflow-hidden pt-lg-136 pb-lg-136 py-80\">\n    <div class=\"container\">\n        <div class=\"row align-items-center gx-xl-80 flex-row-reverse\">\n            <div class=\"text-col mb-xl-0 mb-80 col col-xl-6 col-12\">\n                <div class=\"text-col-content text-lg-start text-center\">\n                    <div class=\"col-title fade-accent mb-40\">\n                                                    <div class=\"col-accent-title\">\n                                <h1 class=\"h-accent mb-0\">viedi <\/h1>\n                            <\/div>\n                                                                            <div class=\"col-main-title position-relative\">\n                                <div class=\"col-main-title-bg bg-white position-absolute w-100 h-100\"><\/div>\n                                <h1 class=\"position-relative mb-0\">risin\u0101jumi<\/h1>\n                            <\/div>\n                                            <\/div>\n                    <div class=\"text-wrapper\">\n                        <div class=\"text-wrapper-content\">\n                            <p>Viedi risin\u0101jumi, kas ikdien\u0101 sniedz gan komfortu, gan energoefektivit\u0101ti. Katr\u0101 dz\u012bvokl\u012b ir individu\u0101la meh\u0101nisk\u0101 ventil\u0101cija ar rekuper\u0101ciju, kas nodro\u0161ina svaigu gaisu un siltuma atg\u016b\u0161anu bez nepiecie\u0161am\u012bbas atv\u0113rt logus. Savuk\u0101rt zemgr\u012bdas apkure vienm\u0113r\u012bgi sasilda telpas, samazinot siltuma zudumus un pal\u012bdzot uztur\u0113t pat\u012bkamu klimatu ar p\u0101rdom\u0101t\u0101m izmaks\u0101m.<\/p>\n                        <\/div>\n                                            <\/div>\n                <\/div>\n            <\/div>\n            <div class=\"image-col col col-xl-6 col-12\">\n                <div class=\"image-wrap position-relative edged translate-image translate-image-left edged-left\">\n                    <img loading=\"lazy\" decoding=\"async\" class=\"\" src=\"https:\/\/hepsor.lv\/kirsukalnamajas\/wp-content\/uploads\/2026\/01\/kirsu-zieds-cam-3-scaled-e1771247659144.jpg\" width=\"1950\" height=\"1702\" alt=\"\" \/>\n                                    <\/div>\n            <\/div>\n        <\/div>\n    <\/div>\n<\/section>\n\n\n<section class=\"text-image-block overflow-hidden pt-lg-136 pb-lg-136 py-80\">\n    <div class=\"container\">\n        <div class=\"row align-items-center gx-xl-80\">\n            <div class=\"text-col mb-xl-0 mb-80 col col-xl-5 col-12\">\n                <div class=\"text-col-content text-lg-start text-center\">\n                    <div class=\"col-title fade-accent mb-40\">\n                                                    <div class=\"col-accent-title\">\n                                <h1 class=\"h-accent mb-0\">dabai<\/h1>\n                            <\/div>\n                                                                            <div class=\"col-main-title position-relative\">\n                                <div class=\"col-main-title-bg bg-white position-absolute w-100 h-100\"><\/div>\n                                <h1 class=\"position-relative mb-0\">draudz\u012bgs<\/h1>\n                            <\/div>\n                                            <\/div>\n                    <div class=\"text-wrapper\">\n                        <div class=\"text-wrapper-content\">\n                            <p>Videi draudz\u012bga pieeja projekt\u0101 izpau\u017eas p\u0101rdom\u0101t\u0101s deta\u013c\u0101s. Teritorij\u0101 paredz\u0113tas velonovietnes, kas iedro\u0161ina izv\u0113l\u0113ties ilgtsp\u0113j\u012bg\u0101ku p\u0101rvieto\u0161an\u0101s veidu. Dz\u012bvok\u013cos iekl\u0101ts dab\u012bgs koka parkets, kas rada siltu un m\u0101j\u012bgu saj\u016btu.<\/p>\n<p>T\u0101pat b\u016bs pieejama iesp\u0113ja \u0161\u0137irot atkritumus, sperot v\u0113l vienu soli pret\u012b ilgtsp\u0113j\u012bg\u0101kai ikdienai.<\/p>\n                        <\/div>\n                                            <\/div>\n                <\/div>\n            <\/div>\n            <div class=\"image-col col col-xl-7 col-12\">\n                <div class=\"image-wrap position-relative edged translate-image translate-image-right edged-right\">\n                    <img loading=\"lazy\" decoding=\"async\" class=\"\" src=\"https:\/\/hepsor.lv\/kirsukalnamajas\/wp-content\/uploads\/2025\/11\/eizenijas-18_c01_0001.jpg\" width=\"2400\" height=\"1350\" alt=\"\" \/>\n                                    <\/div>\n            <\/div>\n        <\/div>\n    <\/div>\n<\/section>\n\n\n<section class=\"image-block position-relative\">\n    \n    <div class=\"translate-illustration\">\n        <img decoding=\"async\" src=\"https:\/\/hepsor.lv\/kirsukalnamajas\/wp-content\/themes\/cherryhillhomes\/images\/illustrations\/image-top-left-flower.svg\" alt=\"\">\n    <\/div>\n\n    <img loading=\"lazy\" decoding=\"async\" class=\"\" src=\"https:\/\/hepsor.lv\/kirsukalnamajas\/wp-content\/uploads\/2025\/09\/5b2aae38f3461023ef8d2c0c560bd093cb1f7dff.avif\" width=\"1920\" height=\"1080\" alt=\"\" \/>\n\n        <\/section>","protected":false},"excerpt":{"rendered":"","protected":false},"author":1,"featured_media":0,"parent":0,"menu_order":0,"comment_status":"closed","ping_status":"closed","template":"","meta":{"_acf_changed":false,"footnotes":""},"class_list":["post-1859","page","type-page","status-publish","hentry"],"acf":[],"_links":{"self":[{"href":"https:\/\/hepsor.lv\/kirsukalnamajas\/wp-json\/wp\/v2\/pages\/1859","targetHints":{"allow":["GET"]}}],"collection":[{"href":"https:\/\/hepsor.lv\/kirsukalnamajas\/wp-json\/wp\/v2\/pages"}],"about":[{"href":"https:\/\/hepsor.lv\/kirsukalnamajas\/wp-json\/wp\/v2\/types\/page"}],"author":[{"embeddable":true,"href":"https:\/\/hepsor.lv\/kirsukalnamajas\/wp-json\/wp\/v2\/users\/1"}],"replies":[{"embeddable":true,"href":"https:\/\/hepsor.lv\/kirsukalnamajas\/wp-json\/wp\/v2\/comments?post=1859"}],"version-history":[{"count":11,"href":"https:\/\/hepsor.lv\/kirsukalnamajas\/wp-json\/wp\/v2\/pages\/1859\/revisions"}],"predecessor-version":[{"id":4252,"href":"https:\/\/hepsor.lv\/kirsukalnamajas\/wp-json\/wp\/v2\/pages\/1859\/revisions\/4252"}],"wp:attachment":[{"href":"https:\/\/hepsor.lv\/kirsukalnamajas\/wp-json\/wp\/v2\/media?parent=1859"}],"curies":[{"name":"wp","href":"https:\/\/api.w.org\/{rel}","templated":true}]}}