{"id":1861,"date":"2025-02-11T10:38:11","date_gmt":"2025-02-11T07:38:11","guid":{"rendered":"https:\/\/hepsor.lv\/kirsukalnamajas\/viimistlus\/"},"modified":"2026-02-17T10:33:23","modified_gmt":"2026-02-17T07:33:23","slug":"interjers","status":"publish","type":"page","link":"https:\/\/hepsor.lv\/kirsukalnamajas\/interjers\/","title":{"rendered":"Interjers"},"content":{"rendered":"\n<section class=\"finishing-2-block position-relative overflow-hidden\">\n        <div class=\"packages d-flex flex-lg-row flex-column gap-16\">\n                                            <div class=\"package position-relative overflow-hidden\">\n                    <div class=\"package-inside w-100 h-100\">\n                        <div class=\"package-image w-100 h-100\">\n                            <img loading=\"lazy\" decoding=\"async\"  class=\"w-100 h-100 object-fit-cover\" src=\"https:\/\/hepsor.lv\/kirsukalnamajas\/wp-content\/uploads\/2026\/01\/rita-rasa.png\" width=\"921\" height=\"1099\" alt=\"\" \/>\n                            <div class=\"package-blur-layer position-absolute bottom-0 start-0 w-100\"><\/div>\n                        <\/div>\n                        <div class=\"package-content position-absolute bottom-0 start-0 w-100 px-24 pt-28 pb-40 text-center\">\n                            <p class=\"position-relative mb-0 fs-32 color-white\">R\u012bta rasa<\/p>\n                            <a class=\"btn position-relative mt-24 d-inline-block py-12 px-16\" href=\"https:\/\/hepsor.lv\/kirsukalnamajas\/wp-content\/uploads\/2026\/02\/kkm-rita-rasa_apdare.pdf\" target=\"_blank\">Skat\u012bt apdari<\/a>\n                        <\/div>\n                    <\/div>\n                <\/div>\n                                            <div class=\"package position-relative overflow-hidden\">\n                    <div class=\"package-inside w-100 h-100\">\n                        <div class=\"package-image w-100 h-100\">\n                            <img loading=\"lazy\" decoding=\"async\"  class=\"w-100 h-100 object-fit-cover\" src=\"https:\/\/hepsor.lv\/kirsukalnamajas\/wp-content\/uploads\/2026\/01\/vakara-ena.png\" width=\"921\" height=\"1099\" alt=\"\" \/>\n                            <div class=\"package-blur-layer position-absolute bottom-0 start-0 w-100\"><\/div>\n                        <\/div>\n                        <div class=\"package-content position-absolute bottom-0 start-0 w-100 px-24 pt-28 pb-40 text-center\">\n                            <p class=\"position-relative mb-0 fs-32 color-white\">Vakara \u0113na<\/p>\n                            <a class=\"btn position-relative mt-24 d-inline-block py-12 px-16\" href=\"https:\/\/hepsor.lv\/kirsukalnamajas\/wp-content\/uploads\/2026\/02\/kkm-vakara-ena_apdare.pdf\" target=\"_blank\">Skat\u012bt apdari<\/a>\n                        <\/div>\n                    <\/div>\n                <\/div>\n                                            <div class=\"package position-relative overflow-hidden\">\n                    <div class=\"package-inside w-100 h-100\">\n                        <div class=\"package-image w-100 h-100\">\n                            <img loading=\"lazy\" decoding=\"async\"  class=\"w-100 h-100 object-fit-cover\" src=\"https:\/\/hepsor.lv\/kirsukalnamajas\/wp-content\/uploads\/2026\/01\/kirsu-zieds.png\" width=\"921\" height=\"1099\" alt=\"\" \/>\n                            <div class=\"package-blur-layer position-absolute bottom-0 start-0 w-100\"><\/div>\n                        <\/div>\n                        <div class=\"package-content position-absolute bottom-0 start-0 w-100 px-24 pt-28 pb-40 text-center\">\n                            <p class=\"position-relative mb-0 fs-32 color-white\">\u0136ir\u0161u zieds<\/p>\n                            <a class=\"btn position-relative mt-24 d-inline-block py-12 px-16\" href=\"https:\/\/hepsor.lv\/kirsukalnamajas\/wp-content\/uploads\/2026\/02\/kkm-kirsu-zieds_apdare.pdf\" target=\"_blank\">Skat\u012bt apdari<\/a>\n                        <\/div>\n                    <\/div>\n                <\/div>\n                    <\/div>\n    <\/div>\n<\/section>\n\n\n<section class=\"container-text-image-block overflow-hidden pt-lg-68 pb-lg-136 py-80\">\n    <div class=\"container\">\n        <div class=\"row align-items-center gx-xl-80\">\n            <div class=\"text-col mb-xl-0 mb-80 col col-lg col-12\">\n                <div class=\"text-col-content text-lg-start text-center\">\n                    <div class=\"col-title fade-accent mb-40\">\n                                                    <div class=\"col-accent-title\">\n                                <h1 class=\"h-accent mb-0\">dizains<\/h1>\n                            <\/div>\n                                                                            <div class=\"col-main-title position-relative\">\n                                <div class=\"col-main-title-bg bg-white position-absolute w-100 h-100\"><\/div>\n                                <h1 class=\"position-relative mb-0\">Wall to Wall Design<\/h1>\n                            <\/div>\n                                            <\/div>\n                    <div class=\"text-wrapper\">\n                        <div class=\"text-wrapper-content\">\n                            <p>Wall to Wall interjera studiju veido interjera dizaineres Vineta Millere un Zanda Vjuna, kuras jau vair\u0101k nek\u0101 desmit gadus veido p\u0101rdom\u0101tus, est\u0113tiski nians\u0113tus interjerus. M\u016bsu darbos domin\u0113 minim\u0101lisms, t\u012bras l\u012bnijas un harmoniski materi\u0101lu salikumi.<\/p>\n<p>Str\u0101d\u0101jam ar dzi\u013cu cie\u0146u pret deta\u013c\u0101m, proporcij\u0101m un cilv\u0113ka saj\u016bt\u0101m telp\u0101. M\u016bsu m\u0113r\u0137is ir apvienot funkcionalit\u0101ti ar est\u0113tisku harmoniju, radot stilistiski nians\u0113tus risin\u0101jumus, kas organiski iek\u013caujas konkr\u0113taj\u0101 vid\u0113.<br \/>\nM\u016bsu pieeja ir profesion\u0101la, m\u0113r\u0137tiec\u012bga un balst\u012bta r\u016bp\u012bg\u0101 klienta vajadz\u012bbu un telpas potenci\u0101la izp\u0113t\u0113. Katrs projekts tiek veidots individu\u0101li \u2014 piel\u0101gojoties cilv\u0113ka dz\u012bvesveidam, v\u0113lm\u0113m un telpas raksturam.<\/p>\n                        <\/div>\n                                            <\/div>\n                <\/div>\n            <\/div>\n            <div class=\"image-col col col-lg col-12\">\n                <div class=\"image-wrap position-relative translate-image translate-image-right edged-right\">\n                    <img loading=\"lazy\" decoding=\"async\" class=\"d-sm-block d-none\" src=\"https:\/\/hepsor.lv\/kirsukalnamajas\/wp-content\/uploads\/2025\/12\/walltowalldesign.png\" width=\"1002\" height=\"1032\" alt=\"\" \/>\n                                            <img class=\"d-sm-none d-block\"src=\"https:\/\/hepsor.lv\/kirsukalnamajas\/wp-content\/uploads\/2025\/12\/walltowalldesign.png\" width=\"1002\" height=\"1032\" alt=\"\" \/>\n                                    <\/div>\n            <\/div>\n        <\/div>\n    <\/div>\n<\/section>\n\n\n<section class=\"button-section-block position-relative bg-project-main py-80\">\n    <div class=\"container d-flex flex-column align-items-center justify-content-center\">\n                    <div class=\"block-content color-white text-center\">\n                <h2 style=\"text-align: center;\">Redz\u0113t noz\u012bm\u0113 tic\u0113t!<\/h2>\n<p style=\"text-align: center;\">Rezerv\u0113jiet tik\u0161anos, lai kl\u0101tien\u0113 iepaz\u012btos ar m\u016bsu apdares konceptiem <em><strong>R\u012bta rasa, Vakara \u0113na un \u0136ir\u0161u zieds<\/strong><em> \u2014 tr\u012bs noska\u0146\u0101m, kas pal\u012bdz\u0113s atrast tie\u0161i Jums piem\u0113rot\u0101ko interjera saj\u016btu un p\u0101rv\u0113rst jauno m\u0101jokli par paties\u0101m m\u0101j\u0101m.<\/em><\/em><\/p>\n            <\/div>\n                            <a class=\"btn btn-white d-inline-block mt-40\" href=\"#kontakti\" target=\"_self\">Rezerv\u0113t tik\u0161anos<\/a>\n            <\/div>\n<\/section>","protected":false},"excerpt":{"rendered":"","protected":false},"author":1,"featured_media":0,"parent":0,"menu_order":0,"comment_status":"closed","ping_status":"closed","template":"","meta":{"_acf_changed":false,"footnotes":""},"class_list":["post-1861","page","type-page","status-publish","hentry"],"acf":[],"_links":{"self":[{"href":"https:\/\/hepsor.lv\/kirsukalnamajas\/wp-json\/wp\/v2\/pages\/1861","targetHints":{"allow":["GET"]}}],"collection":[{"href":"https:\/\/hepsor.lv\/kirsukalnamajas\/wp-json\/wp\/v2\/pages"}],"about":[{"href":"https:\/\/hepsor.lv\/kirsukalnamajas\/wp-json\/wp\/v2\/types\/page"}],"author":[{"embeddable":true,"href":"https:\/\/hepsor.lv\/kirsukalnamajas\/wp-json\/wp\/v2\/users\/1"}],"replies":[{"embeddable":true,"href":"https:\/\/hepsor.lv\/kirsukalnamajas\/wp-json\/wp\/v2\/comments?post=1861"}],"version-history":[{"count":22,"href":"https:\/\/hepsor.lv\/kirsukalnamajas\/wp-json\/wp\/v2\/pages\/1861\/revisions"}],"predecessor-version":[{"id":4288,"href":"https:\/\/hepsor.lv\/kirsukalnamajas\/wp-json\/wp\/v2\/pages\/1861\/revisions\/4288"}],"wp:attachment":[{"href":"https:\/\/hepsor.lv\/kirsukalnamajas\/wp-json\/wp\/v2\/media?parent=1861"}],"curies":[{"name":"wp","href":"https:\/\/api.w.org\/{rel}","templated":true}]}}