{"id":2788,"date":"2025-09-03T09:32:37","date_gmt":"2025-09-03T06:32:37","guid":{"rendered":"https:\/\/cherryhillhomes.ddev.site\/?page_id=2788"},"modified":"2026-03-02T11:11:17","modified_gmt":"2026-03-02T08:11:17","slug":"jaunumi-un-piedavajumi","status":"publish","type":"page","link":"https:\/\/hepsor.lv\/kirsukalnamajas\/jaunumi-un-piedavajumi\/","title":{"rendered":"Jaunumi un pied\u0101v\u0101jumi"},"content":{"rendered":"\n<section class=\"front-header-block position-relative\">\n    <div class=\"background position-absolute top-0 start-0 w-100 h-100\">\n                    <div class=\"image w-100 h-100 bg-center no-lazy\" style=\"background-image: url(https:\/\/hepsor.lv\/kirsukalnamajas\/wp-content\/uploads\/2025\/09\/1b55e69b213296eec3776bd524545f10725e893e.avif);\"><\/div>\n        \n            <\/div>\n<\/section>\n\n\n<section class=\"text-column-block py-md-136 py-80\">\n    <div class=\"container\">\n        <div class=\"row gx-xl-64 gx-md-48\">\n                            <div class=\"col col-xl-6 col-12 text-xl-end text-center\">\n                    <div class=\"col-title d-flex flex-column fade-accent\">\n                                                    <div class=\"col-main-title position-relative\">\n                                <div class=\"col-main-title-bg bg-white position-absolute w-100 h-100\"><\/div>\n                                <h1 class=\"position-relative mb-0\">Klientu<\/h1>\n                            <\/div>\n                        \n                                                    <div class=\"col-accent-title\">\n                                <h1 class=\"h-accent mb-0\">ieguvumi<\/h1>\n                            <\/div>\n                                            <\/div>\n                <\/div>\n                                        <div class=\"col col-xl-6 col-12\">\n                    <div class=\"col-text text-xl-start text-center\">\n                        <div class=\"col-text-content\">\n                            <p>Jaunas m\u0101jas nav tikai kvadr\u0101tmetri &#8211; t\u0101 ir saj\u016bta, ko veido mazas izv\u0113les un r\u016bp\u012bgi atrasti risin\u0101jumi. Lai \u0136ir\u0161u Kalna M\u0101ju iem\u012btniekiem ce\u013c\u0161 uz sap\u0146u m\u0101jokli b\u016btu viegl\u0101ks, esam apkopoju\u0161i \u012bpa\u0161os sadarb\u012bbas partneru pied\u0101v\u0101jumus.<\/p>\n<p>\u0160eit atrad\u012bsiet banku atbalstu, interjera un labiek\u0101rtojuma risin\u0101jumus, k\u0101 ar\u012b iedvesmojo\u0161as iesp\u0113jas, kas pal\u012bdz\u0113s iek\u0101rtot j\u016bsu jauno dz\u012bves vietu tie\u0161i t\u0101, k\u0101 esat to izt\u0113loju\u0161ies.\u00a0Aicin\u0101m izmantot \u0161os pied\u0101v\u0101jumus &#8211; lai j\u016bsu m\u0101jas st\u0101sts s\u0101ktos ar p\u0101rliec\u012bbu, komfortu un prieku.<\/p>\n                        <\/div>\n                                            <\/div>\n                <\/div>\n                    <\/div>\n    <\/div>\n<\/section>\n\n\n<section class=\"offers-block pt-md-68 pt-80 pb-md-136 pb-80 text-xl-start text-center\">\n    <div class=\"container\">\n                    <div class=\"col-title mb-lg-80 mb-40 fade-accent\">\n                <div class=\"col-accent-title\">\n                    <h2 class=\"h-accent mb-0 d-lg-block d-none\">pied\u0101v\u0101jumi<\/h2>\n                                            <h2 class=\"h-accent mb-0 d-lg-none d-block\">pied\u0101&shy;v\u0101jumi<\/h2>\n                                    <\/div>\n            <\/div>\n                                        <div class=\"offer-category mb-lg-80 mb-40\">\n                                    <h3 class=\"mb-40\">Bankas<\/h3>\n                \n                <div class=\"row gy-xl-80 gx-xl-80 gy-md-48 gx-md-48 gy-24 gx-24\">\n                                                                    <div class=\"offer-wrap col col-lg-4 col-md-6 col-12\">\n                                                            <a class=\"offer w-100\" href=\"https:\/\/www.luminor.lv\/lv\/privatpersonam\/hepsor#kirsu-kalna-majas\" target=\"_blank\" rel=\"noopener\">\n                                    <img loading=\"lazy\" decoding=\"async\" class=\"object-fit-contain\" src=\"https:\/\/hepsor.lv\/kirsukalnamajas\/wp-content\/uploads\/2026\/02\/vk_1000-x-1000_lv.jpg\" width=\"1000\" height=\"1000\" alt=\"\" \/>\n                                <\/a>\n                                                    <\/div>\n                                                                    <div class=\"offer-wrap col col-lg-4 col-md-6 col-12\">\n                                                            <a class=\"offer w-100\" href=\"https:\/\/www.bigbank.lv\/\" target=\"_blank\" rel=\"noopener\">\n                                    <img loading=\"lazy\" decoding=\"async\" class=\"object-fit-contain\" src=\"https:\/\/hepsor.lv\/kirsukalnamajas\/wp-content\/uploads\/2025\/12\/bigbank-piedavajums-kirsu-kalna-majas-klientiem-1000x1000-1.png\" width=\"1000\" height=\"1000\" alt=\"\" \/>\n                                <\/a>\n                                                    <\/div>\n                                                                    <div class=\"offer-wrap col col-lg-4 col-md-6 col-12\">\n                                                            <a class=\"offer w-100\" href=\"https:\/\/www.swedbank.lv\/private\/credit\/loans\/home#homeloan-offers-more\" target=\"_blank\" rel=\"noopener\">\n                                    <img loading=\"lazy\" decoding=\"async\" class=\"object-fit-contain\" src=\"https:\/\/hepsor.lv\/kirsukalnamajas\/wp-content\/uploads\/2026\/02\/hepsor_lv-1.jpg\" width=\"1000\" height=\"1000\" alt=\"\" \/>\n                                <\/a>\n                                                    <\/div>\n                                                                    <div class=\"offer-wrap col col-lg-4 col-md-6 col-12\">\n                                                            <a class=\"offer w-100\" href=\"https:\/\/www.seb.lv\/privatpersonam\/krediti\/majokla-kredits\/jaunie-projekti-ar-ipasu-kreditesanas-piedavajumu\" target=\"_blank\" rel=\"noopener\">\n                                    <img loading=\"lazy\" decoding=\"async\" class=\"object-fit-contain\" src=\"https:\/\/hepsor.lv\/kirsukalnamajas\/wp-content\/uploads\/2026\/02\/seb20221212_lv_1000x1000.png\" width=\"1000\" height=\"1000\" alt=\"\" \/>\n                                <\/a>\n                                                    <\/div>\n                                                                    <div class=\"offer-wrap col col-lg-4 col-md-6 col-12\">\n                                                            <a class=\"offer w-100\" href=\"https:\/\/www.citadele.lv\/lv\/private\/mortgage\/new-projects\/?_gl=1*v0k17s*_up*MQ..*_gs*MQ..&#038;gclid=CjwKCAiAv5bMBhAIEiwAqP9GuLWq8gxBMn9aJJwSbJL7wXywRew9ABKj06j4MI0tUHTuvDGyL8lGZxoC0EoQAvD_BwE&#038;gbraid=0AAAAADseSnu_l-lEa0KUIKMDvfE2p5byh\" target=\"_blank\" rel=\"noopener\">\n                                    <img loading=\"lazy\" decoding=\"async\" class=\"object-fit-contain\" src=\"https:\/\/hepsor.lv\/kirsukalnamajas\/wp-content\/uploads\/2026\/03\/citadele_gm_1000x1000_lv.png\" width=\"1000\" height=\"1000\" alt=\"\" \/>\n                                <\/a>\n                                                    <\/div>\n                                    <\/div>\n            <\/div>\n                                <div class=\"offer-category\">\n                                    <h3 class=\"mb-40\">Interjera dizains<\/h3>\n                \n                <div class=\"row gy-xl-80 gx-xl-80 gy-md-48 gx-md-48 gy-24 gx-24\">\n                                                                    <div class=\"offer-wrap col col-lg-4 col-md-6 col-12\">\n                                                            <a class=\"offer w-100\" href=\"https:\/\/arens.ee\/lv\/\" target=\"_blank\" rel=\"noopener\">\n                                    <img loading=\"lazy\" decoding=\"async\" class=\"object-fit-contain\" src=\"https:\/\/hepsor.lv\/kirsukalnamajas\/wp-content\/uploads\/2025\/12\/arens_lv.png\" width=\"1000\" height=\"1000\" alt=\"\" \/>\n                                <\/a>\n                                                    <\/div>\n                                                                    <div class=\"offer-wrap col col-lg-4 col-md-6 col-12\">\n                                                            <a class=\"offer w-100\" href=\"https:\/\/www.modernasmebeles.lv\/virtuves-mebeles\/virtuve-jaunaja--projekta\" target=\"_blank\" rel=\"noopener\">\n                                    <img loading=\"lazy\" decoding=\"async\" class=\"object-fit-contain\" src=\"https:\/\/hepsor.lv\/kirsukalnamajas\/wp-content\/uploads\/2026\/02\/baneris-2.jpg\" width=\"1080\" height=\"1080\" alt=\"\" \/>\n                                <\/a>\n                                                    <\/div>\n                                                                    <div class=\"offer-wrap col col-lg-4 col-md-6 col-12\">\n                                                            <a class=\"offer w-100\" href=\"https:\/\/www.ripo.eu\/\" target=\"_blank\" rel=\"noopener\">\n                                    <img loading=\"lazy\" decoding=\"async\" class=\"object-fit-contain\" src=\"https:\/\/hepsor.lv\/kirsukalnamajas\/wp-content\/uploads\/2025\/12\/ripo-fabrika-x-kirsu-maja-lv-eng-ru-2-scaled.jpg\" width=\"2560\" height=\"2560\" alt=\"\" \/>\n                                <\/a>\n                                                    <\/div>\n                                    <\/div>\n            <\/div>\n            <\/div>\n<\/section>","protected":false},"excerpt":{"rendered":"","protected":false},"author":1,"featured_media":0,"parent":0,"menu_order":0,"comment_status":"closed","ping_status":"closed","template":"","meta":{"_acf_changed":false,"footnotes":""},"class_list":["post-2788","page","type-page","status-publish","hentry"],"acf":[],"_links":{"self":[{"href":"https:\/\/hepsor.lv\/kirsukalnamajas\/wp-json\/wp\/v2\/pages\/2788","targetHints":{"allow":["GET"]}}],"collection":[{"href":"https:\/\/hepsor.lv\/kirsukalnamajas\/wp-json\/wp\/v2\/pages"}],"about":[{"href":"https:\/\/hepsor.lv\/kirsukalnamajas\/wp-json\/wp\/v2\/types\/page"}],"author":[{"embeddable":true,"href":"https:\/\/hepsor.lv\/kirsukalnamajas\/wp-json\/wp\/v2\/users\/1"}],"replies":[{"embeddable":true,"href":"https:\/\/hepsor.lv\/kirsukalnamajas\/wp-json\/wp\/v2\/comments?post=2788"}],"version-history":[{"count":18,"href":"https:\/\/hepsor.lv\/kirsukalnamajas\/wp-json\/wp\/v2\/pages\/2788\/revisions"}],"predecessor-version":[{"id":4335,"href":"https:\/\/hepsor.lv\/kirsukalnamajas\/wp-json\/wp\/v2\/pages\/2788\/revisions\/4335"}],"wp:attachment":[{"href":"https:\/\/hepsor.lv\/kirsukalnamajas\/wp-json\/wp\/v2\/media?parent=2788"}],"curies":[{"name":"wp","href":"https:\/\/api.w.org\/{rel}","templated":true}]}}