{"id":5237,"date":"2022-02-23T12:19:01","date_gmt":"2022-02-23T09:19:01","guid":{"rendered":"https:\/\/hepsor.lv\/%d0%be-%d0%bd%d0%b0%d1%81\/%d0%ba%d0%be%d0%bc%d0%b0%d0%bd%d0%b4%d0%b0\/latvija\/"},"modified":"2026-03-09T17:13:06","modified_gmt":"2026-03-09T14:13:06","slug":"latvija","status":"publish","type":"page","link":"https:\/\/hepsor.lv\/ru\/%d0%be-%d0%bd%d0%b0%d1%81\/%d0%ba%d0%be%d0%bc%d0%b0%d0%bd%d0%b4%d0%b0\/latvija\/","title":{"rendered":"\u041b\u0430\u0442\u0432\u0438\u044f"},"content":{"rendered":"\n<h1 class=\"wp-block-heading\"> \u041b\u0430\u0442\u0432\u0438\u044f <\/h1>\n\n\n\n    <div id=\"team-block-block_e10e2f360dd601dc6220403f56f48f4e\" class=\"team-block\">\n        <div class=\"container\">\n            <div class=\"tabs_wrapper\">\n                                <div class=\"tabs\">\n                                                                                                <div class=\"tab active tab_type_column\" data-tab=\"%d0%bb%d0%b0%d1%82%d0%b2%d0%b8%d1%8f\">\n                                <div class=\"row\">\n                                                                                                                    <div class=\"col col-md-4 col-12\">\n                                            <div class=\"image bg-center\" style=\"background-image: url(https:\/\/hepsor.lv\/wp-content\/uploads\/2021\/10\/gints.jpg)\"><\/div>\n\n                                            <h3>Gints Vanders<\/h3>\n\n                                                                                            <p>P\u0435\u0433\u0438\u043e\u043d\u0430\u043b\u044c\u043d\u044b\u0439 \u043c\u0435\u043d\u0435\u0434\u0436\u0435\u0440<\/p>\n                                            \n                                                                                            <a href=\"mailto:gints@hepsor.lv\">gints@hepsor.lv<\/a>\n                                                                                    <\/div>\n                                                                                                                    <div class=\"col col-md-4 col-12\">\n                                            <div class=\"image bg-center\" style=\"background-image: url(https:\/\/hepsor.lv\/wp-content\/uploads\/2026\/03\/Santa-Filipsone_Colour-1.jpg)\"><\/div>\n\n                                            <h3> Santa Filipsone<\/h3>\n\n                                                                                            <p>\u041e\u0444\u0438\u0441 \u043c\u0435\u043d\u0435\u0434\u0436\u0435\u0440<\/p>\n                                            \n                                                                                            <a href=\"mailto:santa@hepsor.lv\">santa@hepsor.lv<\/a>\n                                                                                    <\/div>\n                                                                                                                    <div class=\"col col-md-4 col-12\">\n                                            <div class=\"image bg-center\" style=\"background-image: url(https:\/\/hepsor.lv\/wp-content\/uploads\/2021\/10\/madara.jpg)\"><\/div>\n\n                                            <h3>Madara Ceske<\/h3>\n\n                                                                                            <p>M\u0435\u043d\u0435\u0434\u0436\u0435\u0440 \u043f\u043e \u043c\u0430\u0440\u043a\u0435\u0442\u0438\u043d\u0433\u0443 \u0438 \u043f\u0440\u043e\u0434\u0430\u0436\u0430\u043c<\/p>\n                                            \n                                                                                            <a href=\"mailto:madara@hepsor.lv\">madara@hepsor.lv<\/a>\n                                                                                    <\/div>\n                                                                                                                    <div class=\"col col-md-4 col-12\">\n                                            <div class=\"image bg-center\" style=\"background-image: url(https:\/\/hepsor.lv\/wp-content\/uploads\/2026\/03\/Sindija-Grina_Colour-1.jpg)\"><\/div>\n\n                                            <h3>Sindija Gr\u012bna<\/h3>\n\n                                                                                            <p>\u0420\u0443\u043a\u043e\u0432\u043e\u0434\u0438\u0442\u0435\u043b\u044c \u043c\u0430\u0440\u043a\u0435\u0442\u0438\u043d\u0433\u043e\u0432\u044b\u0445 \u043f\u0440\u043e\u0435\u043a\u0442\u043e\u0432<\/p>\n                                            \n                                                                                            <a href=\"mailto:sindija@hepsor.lv\">sindija@hepsor.lv<\/a>\n                                                                                    <\/div>\n                                                                                                                    <div class=\"col col-md-4 col-12\">\n                                            <div class=\"image bg-center\" style=\"background-image: url(https:\/\/hepsor.lv\/wp-content\/uploads\/2025\/01\/2025_01_27-6602-4.jpg)\"><\/div>\n\n                                            <h3>Zane Dimanta<\/h3>\n\n                                                                                            <p>\u041c\u0435\u043d\u0435\u0434\u0436\u0435\u0440 \u043f\u043e \u043f\u0440\u043e\u0434\u0430\u0436\u0430\u043c<\/p>\n                                            \n                                                                                            <a href=\"mailto:zane.dimanta@hepsor.lv\">zane.dimanta@hepsor.lv<\/a>\n                                                                                    <\/div>\n                                                                                                                    <div class=\"col col-md-4 col-12\">\n                                            <div class=\"image bg-center\" style=\"background-image: url(https:\/\/hepsor.lv\/wp-content\/uploads\/2024\/10\/ZaneKauperenew-1.jpg)\"><\/div>\n\n                                            <h3>Zane Kaupere<\/h3>\n\n                                                                                            <p>\u041c\u0435\u043d\u0435\u0434\u0436\u0435\u0440 \u043f\u043e \u043f\u0440\u043e\u0434\u0430\u0436\u0430\u043c<\/p>\n                                            \n                                                                                            <a href=\"mailto:zane.kaupere@hepsor.lv\">zane.kaupere@hepsor.lv<\/a>\n                                                                                    <\/div>\n                                                                                                                    <div class=\"col col-md-4 col-12\">\n                                            <div class=\"image bg-center\" style=\"background-image: url(https:\/\/hepsor.lv\/wp-content\/uploads\/2022\/08\/EPukite-copy.jpg)\"><\/div>\n\n                                            <h3>Egita Pu\u0137\u012bte<\/h3>\n\n                                                                                            <p>\u041c\u0435\u043d\u0435\u0434\u0436\u0435\u0440 \u0431\u0438\u0437\u043d\u0435\u0441-\u043a\u043b\u0438\u0435\u043d\u0442\u043e\u0432<\/p>\n                                            \n                                                                                            <a href=\"mailto:egita@hepsor.lv\">egita@hepsor.lv<\/a>\n                                                                                    <\/div>\n                                                                                                                    <div class=\"col col-md-4 col-12\">\n                                            <div class=\"image bg-center\" style=\"background-image: url(https:\/\/hepsor.lv\/wp-content\/uploads\/2026\/03\/Airita-Viksna_Colour-1.jpg)\"><\/div>\n\n                                            <h3>Airita V\u012bksna<\/h3>\n\n                                                                                            <p>\u041c\u0435\u043d\u0435\u0434\u0436\u0435\u0440 \u0434\u0438\u0437\u0430\u0439\u043d-\u043f\u0440\u043e\u0435\u043a\u0442\u0430<\/p>\n                                            \n                                                                                            <a href=\"mailto:airita@hepsor.lv\u00a0\">airita@hepsor.lv\u00a0<\/a>\n                                                                                    <\/div>\n                                                                                                                    <div class=\"col col-md-4 col-12\">\n                                            <div class=\"image bg-center\" style=\"background-image: url(https:\/\/hepsor.lv\/wp-content\/uploads\/2023\/11\/RomansP.png)\"><\/div>\n\n                                            <h3>Romans Prosvirjakovs <\/h3>\n\n                                                                                            <p>\u041c\u0435\u043d\u0435\u0434\u0436\u0435\u0440 \u043f\u0440\u043e\u0435\u043a\u0442\u0430 \u041arasta City<\/p>\n                                            \n                                                                                            <a href=\"mailto:romans@hepsor.lv\">romans@hepsor.lv<\/a>\n                                                                                    <\/div>\n                                                                                                                    <div class=\"col col-md-4 col-12\">\n                                            <div class=\"image bg-center\" style=\"background-image: url(https:\/\/hepsor.lv\/wp-content\/uploads\/2024\/10\/IrinaArmanovanew-1.jpg)\"><\/div>\n\n                                            <h3>Irina Armanova<\/h3>\n\n                                                                                            <p>\u041c\u0435\u043d\u0435\u0434\u0436\u0435\u0440 \u043f\u043e \u0440\u0430\u0437\u0432\u0438\u0442\u0438\u044e \u043f\u0440\u043e\u0435\u043a\u0442\u043e\u0432<\/p>\n                                            \n                                                                                            <a href=\"mailto:irina@hepsor.lv\">irina@hepsor.lv<\/a>\n                                                                                    <\/div>\n                                                                                                                    <div class=\"col col-md-4 col-12\">\n                                            <div class=\"image bg-center\" style=\"background-image: url(https:\/\/hepsor.lv\/wp-content\/uploads\/2022\/08\/GGranats-copy.jpg)\"><\/div>\n\n                                            <h3>\u0122irts Gran\u0101ts<\/h3>\n\n                                                                                            <p>\u041c\u0435\u043d\u0435\u0434\u0436\u0435\u0440 \u043f\u043e \u0440\u0430\u0437\u0432\u0438\u0442\u0438\u044e \u043f\u0440\u043e\u0435\u043a\u0442\u043e\u0432<\/p>\n                                            \n                                                                                            <a href=\"mailto:girts@hepsor.lv\">girts@hepsor.lv<\/a>\n                                                                                    <\/div>\n                                                                                                                    <div class=\"col col-md-4 col-12\">\n                                            <div class=\"image bg-center\" style=\"background-image: url(https:\/\/hepsor.lv\/wp-content\/uploads\/2024\/08\/JulijaPozinica-2.jpg)\"><\/div>\n\n                                            <h3>J\u016blija Pozi\u0146i\u010da<\/h3>\n\n                                                                                            <p>\u0413\u043b\u0430\u0432\u043d\u044b\u0439 \u0431\u0443\u0445\u0433\u0430\u043b\u0442\u0435\u0440<\/p>\n                                            \n                                                                                            <a href=\"mailto:julija@hepsor.lv\">julija@hepsor.lv<\/a>\n                                                                                    <\/div>\n                                                                    <\/div>\n                            <\/div>\n                                                            <\/div>\n            <\/div>\n        <\/div>\n    <\/div>\n","protected":false},"excerpt":{"rendered":"\u041b\u0430\u0442\u0432\u0438\u044f","protected":false},"author":1,"featured_media":0,"parent":5229,"menu_order":58,"comment_status":"closed","ping_status":"closed","template":"page-templates\/template-default-sidebar.php","meta":{"_acf_changed":false,"footnotes":""},"class_list":["post-5237","page","type-page","status-publish","hentry"],"acf":[],"yoast_head":"<!-- This site is optimized with the Yoast SEO plugin v27.0 - https:\/\/yoast.com\/product\/yoast-seo-wordpress\/ -->\n<title>\u041b\u0430\u0442\u0432\u0438\u044f - Hepsor<\/title>\n<meta name=\"robots\" content=\"index, follow, max-snippet:-1, max-image-preview:large, max-video-preview:-1\" \/>\n<link rel=\"canonical\" href=\"https:\/\/hepsor.lv\/ru\/%d0%be-%d0%bd%d0%b0%d1%81\/%d0%ba%d0%be%d0%bc%d0%b0%d0%bd%d0%b4%d0%b0\/latvija\/\" \/>\n<meta property=\"og:locale\" content=\"ru_RU\" \/>\n<meta property=\"og:type\" content=\"article\" \/>\n<meta property=\"og:title\" content=\"\u041b\u0430\u0442\u0432\u0438\u044f - Hepsor\" \/>\n<meta property=\"og:description\" content=\"\u041b\u0430\u0442\u0432\u0438\u044f\" \/>\n<meta property=\"og:url\" content=\"https:\/\/hepsor.lv\/ru\/%d0%be-%d0%bd%d0%b0%d1%81\/%d0%ba%d0%be%d0%bc%d0%b0%d0%bd%d0%b4%d0%b0\/latvija\/\" \/>\n<meta property=\"og:site_name\" content=\"Hepsor\" \/>\n<meta property=\"article:modified_time\" content=\"2026-03-09T14:13:06+00:00\" \/>\n<meta name=\"twitter:card\" content=\"summary_large_image\" \/>\n<meta name=\"twitter:label1\" content=\"\u041f\u0440\u0438\u043c\u0435\u0440\u043d\u043e\u0435 \u0432\u0440\u0435\u043c\u044f \u0434\u043b\u044f \u0447\u0442\u0435\u043d\u0438\u044f\" \/>\n\t<meta name=\"twitter:data1\" content=\"1 \u043c\u0438\u043d\u0443\u0442\u0430\" \/>\n<script type=\"application\/ld+json\" class=\"yoast-schema-graph\">{\"@context\":\"https:\/\/schema.org\",\"@graph\":[{\"@type\":\"WebPage\",\"@id\":\"https:\/\/hepsor.lv\/ru\/%d0%be-%d0%bd%d0%b0%d1%81\/%d0%ba%d0%be%d0%bc%d0%b0%d0%bd%d0%b4%d0%b0\/latvija\/\",\"url\":\"https:\/\/hepsor.lv\/ru\/%d0%be-%d0%bd%d0%b0%d1%81\/%d0%ba%d0%be%d0%bc%d0%b0%d0%bd%d0%b4%d0%b0\/latvija\/\",\"name\":\"\u041b\u0430\u0442\u0432\u0438\u044f - Hepsor\",\"isPartOf\":{\"@id\":\"https:\/\/hepsor.lv\/ru\/#website\"},\"datePublished\":\"2022-02-23T09:19:01+00:00\",\"dateModified\":\"2026-03-09T14:13:06+00:00\",\"breadcrumb\":{\"@id\":\"https:\/\/hepsor.lv\/ru\/%d0%be-%d0%bd%d0%b0%d1%81\/%d0%ba%d0%be%d0%bc%d0%b0%d0%bd%d0%b4%d0%b0\/latvija\/#breadcrumb\"},\"inLanguage\":\"ru-RU\",\"potentialAction\":[{\"@type\":\"ReadAction\",\"target\":[\"https:\/\/hepsor.lv\/ru\/%d0%be-%d0%bd%d0%b0%d1%81\/%d0%ba%d0%be%d0%bc%d0%b0%d0%bd%d0%b4%d0%b0\/latvija\/\"]}]},{\"@type\":\"BreadcrumbList\",\"@id\":\"https:\/\/hepsor.lv\/ru\/%d0%be-%d0%bd%d0%b0%d1%81\/%d0%ba%d0%be%d0%bc%d0%b0%d0%bd%d0%b4%d0%b0\/latvija\/#breadcrumb\",\"itemListElement\":[{\"@type\":\"ListItem\",\"position\":1,\"name\":\"\u041e \u043f\u0440\u0435\u0434\u043f\u0440\u0438\u044f\u0442\u0438\u0438\",\"item\":\"https:\/\/hepsor.lv\/ru\/%d0%be-%d0%bd%d0%b0%d1%81\/\"},{\"@type\":\"ListItem\",\"position\":2,\"name\":\"\u041a\u043e\u043c\u0430\u043d\u0434\u0430\",\"item\":\"https:\/\/hepsor.lv\/ru\/%d0%be-%d0%bd%d0%b0%d1%81\/%d0%ba%d0%be%d0%bc%d0%b0%d0%bd%d0%b4%d0%b0\/\"},{\"@type\":\"ListItem\",\"position\":3,\"name\":\"\u041b\u0430\u0442\u0432\u0438\u044f\"}]},{\"@type\":\"WebSite\",\"@id\":\"https:\/\/hepsor.lv\/ru\/#website\",\"url\":\"https:\/\/hepsor.lv\/ru\/\",\"name\":\"Hepsor\",\"description\":\"\",\"publisher\":{\"@id\":\"https:\/\/hepsor.lv\/ru\/#organization\"},\"potentialAction\":[{\"@type\":\"SearchAction\",\"target\":{\"@type\":\"EntryPoint\",\"urlTemplate\":\"https:\/\/hepsor.lv\/ru\/?s={search_term_string}\"},\"query-input\":{\"@type\":\"PropertyValueSpecification\",\"valueRequired\":true,\"valueName\":\"search_term_string\"}}],\"inLanguage\":\"ru-RU\"},{\"@type\":\"Organization\",\"@id\":\"https:\/\/hepsor.lv\/ru\/#organization\",\"name\":\"Hepsor\",\"url\":\"https:\/\/hepsor.lv\/ru\/\",\"logo\":{\"@type\":\"ImageObject\",\"inLanguage\":\"ru-RU\",\"@id\":\"https:\/\/hepsor.lv\/ru\/#\/schema\/logo\/image\/\",\"url\":\"https:\/\/hepsor.lv\/wp-content\/uploads\/2021\/08\/hepsor_logo.svg\",\"contentUrl\":\"https:\/\/hepsor.lv\/wp-content\/uploads\/2021\/08\/hepsor_logo.svg\",\"width\":98,\"height\":31,\"caption\":\"Hepsor\"},\"image\":{\"@id\":\"https:\/\/hepsor.lv\/ru\/#\/schema\/logo\/image\/\"}}]}<\/script>\n<!-- \/ Yoast SEO plugin. -->","yoast_head_json":{"title":"\u041b\u0430\u0442\u0432\u0438\u044f - Hepsor","robots":{"index":"index","follow":"follow","max-snippet":"max-snippet:-1","max-image-preview":"max-image-preview:large","max-video-preview":"max-video-preview:-1"},"canonical":"https:\/\/hepsor.lv\/ru\/%d0%be-%d0%bd%d0%b0%d1%81\/%d0%ba%d0%be%d0%bc%d0%b0%d0%bd%d0%b4%d0%b0\/latvija\/","og_locale":"ru_RU","og_type":"article","og_title":"\u041b\u0430\u0442\u0432\u0438\u044f - Hepsor","og_description":"\u041b\u0430\u0442\u0432\u0438\u044f","og_url":"https:\/\/hepsor.lv\/ru\/%d0%be-%d0%bd%d0%b0%d1%81\/%d0%ba%d0%be%d0%bc%d0%b0%d0%bd%d0%b4%d0%b0\/latvija\/","og_site_name":"Hepsor","article_modified_time":"2026-03-09T14:13:06+00:00","twitter_card":"summary_large_image","twitter_misc":{"\u041f\u0440\u0438\u043c\u0435\u0440\u043d\u043e\u0435 \u0432\u0440\u0435\u043c\u044f \u0434\u043b\u044f \u0447\u0442\u0435\u043d\u0438\u044f":"1 \u043c\u0438\u043d\u0443\u0442\u0430"},"schema":{"@context":"https:\/\/schema.org","@graph":[{"@type":"WebPage","@id":"https:\/\/hepsor.lv\/ru\/%d0%be-%d0%bd%d0%b0%d1%81\/%d0%ba%d0%be%d0%bc%d0%b0%d0%bd%d0%b4%d0%b0\/latvija\/","url":"https:\/\/hepsor.lv\/ru\/%d0%be-%d0%bd%d0%b0%d1%81\/%d0%ba%d0%be%d0%bc%d0%b0%d0%bd%d0%b4%d0%b0\/latvija\/","name":"\u041b\u0430\u0442\u0432\u0438\u044f - Hepsor","isPartOf":{"@id":"https:\/\/hepsor.lv\/ru\/#website"},"datePublished":"2022-02-23T09:19:01+00:00","dateModified":"2026-03-09T14:13:06+00:00","breadcrumb":{"@id":"https:\/\/hepsor.lv\/ru\/%d0%be-%d0%bd%d0%b0%d1%81\/%d0%ba%d0%be%d0%bc%d0%b0%d0%bd%d0%b4%d0%b0\/latvija\/#breadcrumb"},"inLanguage":"ru-RU","potentialAction":[{"@type":"ReadAction","target":["https:\/\/hepsor.lv\/ru\/%d0%be-%d0%bd%d0%b0%d1%81\/%d0%ba%d0%be%d0%bc%d0%b0%d0%bd%d0%b4%d0%b0\/latvija\/"]}]},{"@type":"BreadcrumbList","@id":"https:\/\/hepsor.lv\/ru\/%d0%be-%d0%bd%d0%b0%d1%81\/%d0%ba%d0%be%d0%bc%d0%b0%d0%bd%d0%b4%d0%b0\/latvija\/#breadcrumb","itemListElement":[{"@type":"ListItem","position":1,"name":"\u041e \u043f\u0440\u0435\u0434\u043f\u0440\u0438\u044f\u0442\u0438\u0438","item":"https:\/\/hepsor.lv\/ru\/%d0%be-%d0%bd%d0%b0%d1%81\/"},{"@type":"ListItem","position":2,"name":"\u041a\u043e\u043c\u0430\u043d\u0434\u0430","item":"https:\/\/hepsor.lv\/ru\/%d0%be-%d0%bd%d0%b0%d1%81\/%d0%ba%d0%be%d0%bc%d0%b0%d0%bd%d0%b4%d0%b0\/"},{"@type":"ListItem","position":3,"name":"\u041b\u0430\u0442\u0432\u0438\u044f"}]},{"@type":"WebSite","@id":"https:\/\/hepsor.lv\/ru\/#website","url":"https:\/\/hepsor.lv\/ru\/","name":"Hepsor","description":"","publisher":{"@id":"https:\/\/hepsor.lv\/ru\/#organization"},"potentialAction":[{"@type":"SearchAction","target":{"@type":"EntryPoint","urlTemplate":"https:\/\/hepsor.lv\/ru\/?s={search_term_string}"},"query-input":{"@type":"PropertyValueSpecification","valueRequired":true,"valueName":"search_term_string"}}],"inLanguage":"ru-RU"},{"@type":"Organization","@id":"https:\/\/hepsor.lv\/ru\/#organization","name":"Hepsor","url":"https:\/\/hepsor.lv\/ru\/","logo":{"@type":"ImageObject","inLanguage":"ru-RU","@id":"https:\/\/hepsor.lv\/ru\/#\/schema\/logo\/image\/","url":"https:\/\/hepsor.lv\/wp-content\/uploads\/2021\/08\/hepsor_logo.svg","contentUrl":"https:\/\/hepsor.lv\/wp-content\/uploads\/2021\/08\/hepsor_logo.svg","width":98,"height":31,"caption":"Hepsor"},"image":{"@id":"https:\/\/hepsor.lv\/ru\/#\/schema\/logo\/image\/"}}]}},"_links":{"self":[{"href":"https:\/\/hepsor.lv\/ru\/wp-json\/wp\/v2\/pages\/5237","targetHints":{"allow":["GET"]}}],"collection":[{"href":"https:\/\/hepsor.lv\/ru\/wp-json\/wp\/v2\/pages"}],"about":[{"href":"https:\/\/hepsor.lv\/ru\/wp-json\/wp\/v2\/types\/page"}],"author":[{"embeddable":true,"href":"https:\/\/hepsor.lv\/ru\/wp-json\/wp\/v2\/users\/1"}],"replies":[{"embeddable":true,"href":"https:\/\/hepsor.lv\/ru\/wp-json\/wp\/v2\/comments?post=5237"}],"version-history":[{"count":17,"href":"https:\/\/hepsor.lv\/ru\/wp-json\/wp\/v2\/pages\/5237\/revisions"}],"predecessor-version":[{"id":7383,"href":"https:\/\/hepsor.lv\/ru\/wp-json\/wp\/v2\/pages\/5237\/revisions\/7383"}],"up":[{"embeddable":true,"href":"https:\/\/hepsor.lv\/ru\/wp-json\/wp\/v2\/pages\/5229"}],"wp:attachment":[{"href":"https:\/\/hepsor.lv\/ru\/wp-json\/wp\/v2\/media?parent=5237"}],"curies":[{"name":"wp","href":"https:\/\/api.w.org\/{rel}","templated":true}]}}