{"id":1482,"date":"2024-04-05T08:56:19","date_gmt":"2024-04-05T08:56:19","guid":{"rendered":"https:\/\/hepsor.lv\/veidamakvartals\/?page_id=1482"},"modified":"2025-07-29T09:48:42","modified_gmt":"2025-07-29T09:48:42","slug":"home","status":"publish","type":"page","link":"https:\/\/hepsor.lv\/veidamakvartals\/","title":{"rendered":"S\u0101kums"},"content":{"rendered":"\n<h1 class=\"wp-block-heading\">Gan\u012bbu dambja <br>jaun\u0101 (t)elpa<\/h1>\n\n\n\n<h2 class=\"wp-block-heading fs-5 pt-4\">M\u016bsdien\u012bgs kvart\u0101ls ar bag\u0101t\u012bgu v\u0113stures<br> elpu Gan\u012bbu damb\u012b 17A<\/h2>\n","protected":false},"excerpt":{"rendered":"<p>Gan\u012bbu dambja jaun\u0101 (t)elpa M\u016bsdien\u012bgs kvart\u0101ls ar bag\u0101t\u012bgu v\u0113stures elpu Gan\u012bbu damb\u012b 17A<\/p>\n","protected":false},"author":1,"featured_media":1488,"parent":0,"menu_order":0,"comment_status":"closed","ping_status":"closed","template":"page-templates\/home-page.php","meta":{"footnotes":""},"class_list":["post-1482","page","type-page","status-publish","has-post-thumbnail","hentry"],"meta_box":{"store-text_list":["Veikals","Noliktava","Birojs"],"contact_buttons-title_text":"Sazinies ar mums par SAVU TELPU Gan\u012bbu dambja jaunaj\u0101 (t)elp\u0101!","contact_buttons-title_subtext":"Nor\u0101di savu kontaktinform\u0101ciju un m\u0113s ar Tevi sazin\u0101simies tuv\u0101ko dienu laik\u0101.","contact_buttons-contact_button_text":"Re\u0123istr\u0113t interesi","contact_buttons-calendly_button_text":"Iepl\u0101not tik\u0161anos","contact_buttons-calendly_url":"https:\/\/calendly.com\/egita-mruw\/veidama-kvartals?background_color=141414&text_color=BCAB97&primary_color=BCAB97","contact_buttons-back_text":"Atpaka\u013c","history-title":"V\u0113sture","history-paragraphs":["Gan\u012bbu damb\u012b vienm\u0113r bijusi ros\u012bga dz\u012bve \u2013 s\u0101kot ar pils\u0113tas gan\u012bbu teritoriju 13. gadsimt\u0101 l\u012bdz dabas iedvesmotai atp\u016btas vietai ar krogiem un aleju pastaig\u0101m 18. gadsimt\u0101 un eksperiment\u0101l\u0101s celtniec\u012bbas un dizaina elementu r\u016bpniec\u012bbu 20. gadsimt\u0101.","21. gadsimt\u0101 te top n\u0101kamais l\u012bmenis. Respekt\u0113jot seno, \u0161eit cie\u0146\u0101 ir moderna, uz n\u0101kotni v\u0113rsta pieeja.","Stiprinot saikni ar seno kult\u016brtelpu, ierosmi VEIDAMA nosaukumam devis v\u0101rds \u201cWeide\u201d, kas v\u0101cu valod\u0101 noz\u012bm\u0113 \u201cgan\u012bbas\u201d."],"history-image":{"width":150,"height":150,"file":"2024\/04\/map-e1711008923386.jpg","filesize":745193,"sizes":{"medium":{"file":"map-e1711008923386-300x200.jpg","width":300,"height":200,"mime-type":"image\/jpeg","filesize":13944,"url":"https:\/\/hepsor.lv\/veidamakvartals\/wp-content\/uploads\/2024\/04\/map-e1711008923386-300x200.jpg"},"large":{"file":"map-e1711008923386-1024x681.jpg","width":1024,"height":681,"mime-type":"image\/jpeg","filesize":100488,"url":"https:\/\/hepsor.lv\/veidamakvartals\/wp-content\/uploads\/2024\/04\/map-e1711008923386-1024x681.jpg"},"thumbnail":{"file":"map-e1711008923386-150x150.jpg","width":150,"height":150,"mime-type":"image\/jpeg","filesize":6727,"url":"https:\/\/hepsor.lv\/veidamakvartals\/wp-content\/uploads\/2024\/04\/map-e1711008923386-150x150.jpg"},"medium_large":{"file":"map-e1711008923386-768x511.jpg","width":768,"height":511,"mime-type":"image\/jpeg","filesize":64052,"url":"https:\/\/hepsor.lv\/veidamakvartals\/wp-content\/uploads\/2024\/04\/map-e1711008923386-768x511.jpg"},"1536x1536":{"file":"map-e1711008923386-1536x1022.jpg","width":1536,"height":1022,"mime-type":"image\/jpeg","filesize":201043,"url":"https:\/\/hepsor.lv\/veidamakvartals\/wp-content\/uploads\/2024\/04\/map-e1711008923386-1536x1022.jpg"},"2048x2048":{"file":"map-e1711008923386-2048x1362.jpg","width":2048,"height":1362,"mime-type":"image\/jpeg","filesize":334483,"url":"https:\/\/hepsor.lv\/veidamakvartals\/wp-content\/uploads\/2024\/04\/map-e1711008923386-2048x1362.jpg"}},"image_meta":{"aperture":"0","credit":"","camera":"","caption":"","created_timestamp":"0","copyright":"","focal_length":"0","iso":"0","shutter_speed":"0","title":"","orientation":"0","keywords":[]},"ID":"1490","name":"map-e1711008923386.jpg","path":"\/data03\/virt47869\/domeenid\/www.hepsor.ee\/lv\/veidamakvartals\/wp-content\/uploads\/2024\/04\/map-e1711008923386.jpg","url":"https:\/\/hepsor.lv\/veidamakvartals\/wp-content\/uploads\/2024\/04\/map-e1711008923386-150x150.jpg","full_url":"https:\/\/hepsor.lv\/veidamakvartals\/wp-content\/uploads\/2024\/04\/map-e1711008923386.jpg","title":"map-e1711008923386","caption":"","description":"","alt":"","srcset":false},"history-timeline_steps":[["13. gs.","Pils\u0113tas gan\u012bbas"],["17. gs.","Zviedru mui\u017ea"],["18. gs. beigas","Teritorija ar atp\u016btas viet\u0101m un aleju"],["20. gs.","Att\u012bst\u0101s fabriku b\u016bvniec\u012bba"],["21. gs.","Gan\u012bbu damb\u012b top VEIDAMA kvart\u0101ls"]],"history-logo_content":"Gan\u012bbju dambja jaun\u0101 (t)elpa","developer":{"title":"Veidama kvart\u0101lu att\u012bsta","paragraphs":["Nekustam\u0101 \u012bpa\u0161uma att\u012bst\u012bt\u0101js Hepsor rada lieliskus dz\u012bves vides un biznesa vides att\u012bst\u012bbas projektus, kur videi draudz\u012bg\u0101 dom\u0101\u0161ana, inovat\u012bvi risin\u0101jumi un m\u016bsdien\u012bga arhitekt\u016bra plaukst kop\u0161 2011. gada. Hepsor ir viens no liel\u0101kajiem un visstrauj\u0101k augo\u0161ajiem nekustam\u0101 \u012bpa\u0161uma att\u012bst\u012bt\u0101jiem Latvij\u0101. ","Hepsor neb\u016bv\u0113 vienk\u0101r\u0161i \u0113kas, kas m\u0113r\u0101mas tikai sausos kvadr\u0101tmetros, Hepsor rada m\u0101jas cilv\u0113kiem un uz\u0146\u0113mumiem!"],"image":"1493"},"environment":{"title":"Individu\u0101li risin\u0101jumi j\u016bsu komfortam","paragraphs":["VEIDAMA kvart\u0101ls paredz\u00a0elast\u012bgu pl\u0101nojumu\u00a0un iek\u0101rtojumu, ko ir iesp\u0113jams\u00a0piel\u0101got\u00a0J\u016bsu vajadz\u012bb\u0101m\u00a0un biznesam.\u00a0\u0112kas paredz\u0113tas nomniekiem, kas augstu v\u0113rt\u0113 pievienoto v\u0113rt\u012bbu ilgtermi\u0146\u0101 un atbild\u012bgu attieksmi pret dabu un cilv\u0113ku vesel\u012bbu."],"image":"1495","subtitle":"Vide","subtext":"Mums ir svar\u012bgi r\u016bp\u0113ties par vidi, t\u0101p\u0113c VEIDAMA kvart\u0101l\u0101 esam paredz\u0113ju\u0161i praktiskus risin\u0101jumus \u2013 s\u0101kot ar resursu taupo\u0161u energoefektivit\u0101ti telp\u0101s l\u012bdz g\u0101j\u0113jiem draudz\u012bgu teritorijas labiek\u0101rtojumu, kuras centr\u0101 atrad\u012bsies di\u017ekoks."},"environment_icons":[{"title":"Augstv\u0113rt\u012bgs klimats iek\u0161telp\u0101s","image":"1507"},{"title":"Velonovietnes","image":"1505"},{"title":"Atp\u016btas zona pie dabas","image":"1503"},{"title":"Elektroauto uzl\u0101des stacijas","image":"1501"},{"title":"\u0112rta   piek\u013c\u016b\u0161ana","image":"4703"},{"title":"Za\u013c\u0101 elektroener\u0123ija","image":"1497"}],"breeam":{"title":"BREEAM Sertifik\u0101ts","paragraphs":["VEIDAMA kvart\u0101ls tiks b\u016bv\u0113ts saska\u0146\u0101 ar augst\u0101kajiem b\u016bvniec\u012bbas standartiem, lai ieg\u016btu BREEAM \u201cVERY GOOD\u201d sertifik\u0101cijas l\u012bmeni. Tas atspogu\u013co m\u016bsu augst\u0101s pras\u012bbas attiec\u012bb\u0101 uz kvalit\u0101ti.","Telpu nomniekiem m\u0113s nodro\u0161in\u0101sim vesel\u012bbai labv\u0113l\u012bgu iek\u0161telpu klimatu, izmantojot inovat\u012bvus un energoefekt\u012bvus tehnolo\u0123iskos risin\u0101jumus, k\u0101 ar\u012b sekm\u0113sim videi draudz\u012bga transporta lieto\u0161anu."]},"plan-title":"Kvart\u0101la pl\u0101nojums","plan-image":{"width":150,"height":150,"file":"2024\/04\/plan-scaled-1.jpeg","filesize":424111,"sizes":{"medium":{"file":"plan-scaled-1-300x168.jpeg","width":300,"height":168,"mime-type":"image\/jpeg","filesize":12092,"url":"https:\/\/hepsor.lv\/veidamakvartals\/wp-content\/uploads\/2024\/04\/plan-scaled-1-300x168.jpeg"},"large":{"file":"plan-scaled-1-1024x575.jpeg","width":1024,"height":575,"mime-type":"image\/jpeg","filesize":107804,"url":"https:\/\/hepsor.lv\/veidamakvartals\/wp-content\/uploads\/2024\/04\/plan-scaled-1-1024x575.jpeg"},"thumbnail":{"file":"plan-scaled-1-150x150.jpeg","width":150,"height":150,"mime-type":"image\/jpeg","filesize":6080,"url":"https:\/\/hepsor.lv\/veidamakvartals\/wp-content\/uploads\/2024\/04\/plan-scaled-1-150x150.jpeg"},"medium_large":{"file":"plan-scaled-1-768x431.jpeg","width":768,"height":431,"mime-type":"image\/jpeg","filesize":64233,"url":"https:\/\/hepsor.lv\/veidamakvartals\/wp-content\/uploads\/2024\/04\/plan-scaled-1-768x431.jpeg"},"1536x1536":{"file":"plan-scaled-1-1536x862.jpeg","width":1536,"height":862,"mime-type":"image\/jpeg","filesize":222156,"url":"https:\/\/hepsor.lv\/veidamakvartals\/wp-content\/uploads\/2024\/04\/plan-scaled-1-1536x862.jpeg"},"2048x2048":{"file":"plan-scaled-1-2048x1150.jpeg","width":2048,"height":1150,"mime-type":"image\/jpeg","filesize":360699,"url":"https:\/\/hepsor.lv\/veidamakvartals\/wp-content\/uploads\/2024\/04\/plan-scaled-1-2048x1150.jpeg"}},"image_meta":{"aperture":"0","credit":"","camera":"","caption":"","created_timestamp":"0","copyright":"","focal_length":"0","iso":"0","shutter_speed":"0","title":"","orientation":"0","keywords":[]},"ID":"1509","name":"plan-scaled-1.jpeg","path":"\/data03\/virt47869\/domeenid\/www.hepsor.ee\/lv\/veidamakvartals\/wp-content\/uploads\/2024\/04\/plan-scaled-1.jpeg","url":"https:\/\/hepsor.lv\/veidamakvartals\/wp-content\/uploads\/2024\/04\/plan-scaled-1-150x150.jpeg","full_url":"https:\/\/hepsor.lv\/veidamakvartals\/wp-content\/uploads\/2024\/04\/plan-scaled-1.jpeg","title":"plan-scaled","caption":"","description":"","alt":"","srcset":false},"plan-solar_panels":{"title":"Saules pane\u013ci","description":"Uz katras \u0113kas jumta izvietoti saules pane\u013ci"},"plan-leisure":{"title":"Atp\u016btas zonas","description":"Teritorij\u0101 pieejamas vair\u0101kas za\u013c\u0101s atp\u016btas zonas ar soli\u0146iem."},"plan-safety":{"title":"Video nov\u0113ro\u0161ana 24\/7","description":"Papildu dro\u0161\u012bbai teritorij\u0101 izvietotas videonov\u0113ro\u0161anas kameras."},"plan-parking":{"plan-title":"St\u0101vvieta","plan-description":"<p>Autost\u0101vvieta 95 transportl\u012bdzek\u013ciem, t.sk.<\/p>\r\n<p class=\"mb-1\"><strong>Person\u0101m ar \u012bpa\u0161\u0101m vajadz\u012bb\u0101m: 5<\/strong><\/p>\r\n<p class=\"mb-1\"><strong>Ar elektroauto uzl\u0101des iesp\u0113ju: 3<\/strong><\/p>\r\n<p><strong>Velonovietnes: 42<\/strong><\/p>"},"plan-v1":{"plan-title":"V1 | Noliktavu un biroju \u0113ka","plan-description":"<p class=\"mb-1\">Tirdzniec\u012bbas, biroju un noliktavas plat\u012bbas iesp\u0113jamas no 373 - 709 m2<\/p>\r\n<p class=\"mb-1\"><strong>Kop\u0113j\u0101 plat\u012bba: 3969 m2<\/strong><\/p>\r\n<p class=\"mb-1\"><strong>Retail: 1341 m2<\/strong><\/p>\r\n<p class=\"mb-1\"><strong>Biroji: 882 m<\/strong><\/p>\r\n<p><strong>Noliktavas: 1741 m2<\/strong><\/p>"},"plan-v2":{"plan-title":"V2 | Tirdzniec\u012bbas \u0113ka","plan-description":"<p class=\"mb-1\">Tr\u012bs izst\u0101\u017eu \/ mazumtirdzniec\u012bbas telpas no 303 m2 - 333 m2<\/p>\r\n<p class=\"mb-1\">Divas biroju telpas, katra 111 m2<\/p>\r\n<p class=\"mb-1\"><strong>Kop\u0113j\u0101 plat\u012bba: 1252 m2<\/strong><\/p>\r\n<p><strong>Retail: 1021 m2<\/strong><\/p>"},"plan-near_labels":{"plan-daugava":"Daugava","plan-centrs":"Centrs","plan-lugazu":"Luga\u017eu iela","plan-ganibu":"Gan\u012bbu dambis"},"places":[{"title":"Transports","place":[{"place_name":"Sabiedrisk\u0101 transporta pietura","distance_in_minutes":"2","icon":"1511","latitude":"56.97468850083343","longitude":" 24.112108895778587"},{"place_name":"R\u012bgas Centr\u0101l\u0101 dzelzce\u013ca stacija","distance_in_minutes":"10","icon":"1513","latitude":"56.947124","longitude":"24.120436"},{"place_name":"Lidosta","distance_in_minutes":"23","icon":"1513","latitude":"56.924523","longitude":"23.979343"}]},{"title":"Vietas","place":[{"place_name":"T\/C \"Sky & More\"","distance_in_minutes":"5","icon":"1513","latitude":"56.986143","longitude":"24.133062"},{"place_name":"Veikals \"Rimi Hyper Brie\u017ea\"","distance_in_minutes":"15","icon":"1511","latitude":"56.96533880303816","longitude":"24.105865005842542"},{"place_name":"Andrejsala","distance_in_minutes":"5","icon":"1511","latitude":"56.97254395014761","longitude":"24.099550395531185"},{"place_name":"Centrs","distance_in_minutes":"10","icon":"1513","latitude":"56.958502","longitude":"24.117324"},{"place_name":"Osta","distance_in_minutes":"5","icon":"1513","latitude":"56.960998277249885","longitude":"24.097788261320193"},{"place_name":"Skanste","distance_in_minutes":"5","icon":"1513","latitude":"56.969340","longitude":"24.119165"}]}],"climate-title":"","climate-climate":[],"climate-pdf":[],"climate-pdf_en":[],"climate-pdf_ru":[],"environmental-title":"","environmental-group_mhuqhz28fff":[],"title":"","description":"","banner":false,"properties-title":"","properties-description":"","properties-advantages":[],"partners":[],"visuals":[{"width":150,"height":150,"file":"2025\/07\/veidama2-scaled.png","filesize":4751110,"sizes":{"medium":{"file":"veidama2-300x133.png","width":300,"height":133,"mime-type":"image\/png","filesize":88915,"url":"https:\/\/hepsor.lv\/veidamakvartals\/wp-content\/uploads\/2025\/07\/veidama2-300x133.png"},"large":{"file":"veidama2-1024x455.png","width":1024,"height":455,"mime-type":"image\/png","filesize":909991,"url":"https:\/\/hepsor.lv\/veidamakvartals\/wp-content\/uploads\/2025\/07\/veidama2-1024x455.png"},"thumbnail":{"file":"veidama2-150x150.png","width":150,"height":150,"mime-type":"image\/png","filesize":51288,"url":"https:\/\/hepsor.lv\/veidamakvartals\/wp-content\/uploads\/2025\/07\/veidama2-150x150.png"},"medium_large":{"file":"veidama2-768x341.png","width":768,"height":341,"mime-type":"image\/png","filesize":529970,"url":"https:\/\/hepsor.lv\/veidamakvartals\/wp-content\/uploads\/2025\/07\/veidama2-768x341.png"},"1536x1536":{"file":"veidama2-1536x683.png","width":1536,"height":683,"mime-type":"image\/png","filesize":1922933,"url":"https:\/\/hepsor.lv\/veidamakvartals\/wp-content\/uploads\/2025\/07\/veidama2-1536x683.png"},"2048x2048":{"file":"veidama2-2048x910.png","width":2048,"height":910,"mime-type":"image\/png","filesize":3224034,"url":"https:\/\/hepsor.lv\/veidamakvartals\/wp-content\/uploads\/2025\/07\/veidama2-2048x910.png"}},"image_meta":{"aperture":"0","credit":"","camera":"","caption":"","created_timestamp":"0","copyright":"","focal_length":"0","iso":"0","shutter_speed":"0","title":"","orientation":"0","keywords":[]},"original_image":"veidama2.png","ID":"4706","name":"veidama2-scaled.png","path":"\/data03\/virt47869\/domeenid\/www.hepsor.ee\/lv\/veidamakvartals\/wp-content\/uploads\/2025\/07\/veidama2-scaled.png","url":"https:\/\/hepsor.lv\/veidamakvartals\/wp-content\/uploads\/2025\/07\/veidama2-150x150.png","full_url":"https:\/\/hepsor.lv\/veidamakvartals\/wp-content\/uploads\/2025\/07\/veidama2-scaled.png","title":"veidama2","caption":"","description":"","alt":"","srcset":false},{"width":150,"height":150,"file":"2025\/07\/10_GANIBU-DAMBIS_2023_10_04.jpg","filesize":3052279,"sizes":{"medium":{"file":"10_GANIBU-DAMBIS_2023_10_04-300x169.jpg","width":300,"height":169,"mime-type":"image\/jpeg","filesize":16554,"url":"https:\/\/hepsor.lv\/veidamakvartals\/wp-content\/uploads\/2025\/07\/10_GANIBU-DAMBIS_2023_10_04-300x169.jpg"},"large":{"file":"10_GANIBU-DAMBIS_2023_10_04-1024x576.jpg","width":1024,"height":576,"mime-type":"image\/jpeg","filesize":156714,"url":"https:\/\/hepsor.lv\/veidamakvartals\/wp-content\/uploads\/2025\/07\/10_GANIBU-DAMBIS_2023_10_04-1024x576.jpg"},"thumbnail":{"file":"10_GANIBU-DAMBIS_2023_10_04-150x150.jpg","width":150,"height":150,"mime-type":"image\/jpeg","filesize":7156,"url":"https:\/\/hepsor.lv\/veidamakvartals\/wp-content\/uploads\/2025\/07\/10_GANIBU-DAMBIS_2023_10_04-150x150.jpg"},"medium_large":{"file":"10_GANIBU-DAMBIS_2023_10_04-768x432.jpg","width":768,"height":432,"mime-type":"image\/jpeg","filesize":91919,"url":"https:\/\/hepsor.lv\/veidamakvartals\/wp-content\/uploads\/2025\/07\/10_GANIBU-DAMBIS_2023_10_04-768x432.jpg"},"1536x1536":{"file":"10_GANIBU-DAMBIS_2023_10_04-1536x864.jpg","width":1536,"height":864,"mime-type":"image\/jpeg","filesize":322682,"url":"https:\/\/hepsor.lv\/veidamakvartals\/wp-content\/uploads\/2025\/07\/10_GANIBU-DAMBIS_2023_10_04-1536x864.jpg"},"2048x2048":{"file":"10_GANIBU-DAMBIS_2023_10_04-2048x1152.jpg","width":2048,"height":1152,"mime-type":"image\/jpeg","filesize":527459,"url":"https:\/\/hepsor.lv\/veidamakvartals\/wp-content\/uploads\/2025\/07\/10_GANIBU-DAMBIS_2023_10_04-2048x1152.jpg"}},"image_meta":{"aperture":"0","credit":"","camera":"","caption":"","created_timestamp":"0","copyright":"","focal_length":"0","iso":"0","shutter_speed":"0","title":"","orientation":"1","keywords":[]},"ID":"4563","name":"10_GANIBU-DAMBIS_2023_10_04.jpg","path":"\/data03\/virt47869\/domeenid\/www.hepsor.ee\/lv\/veidamakvartals\/wp-content\/uploads\/2025\/07\/10_GANIBU-DAMBIS_2023_10_04.jpg","url":"https:\/\/hepsor.lv\/veidamakvartals\/wp-content\/uploads\/2025\/07\/10_GANIBU-DAMBIS_2023_10_04-150x150.jpg","full_url":"https:\/\/hepsor.lv\/veidamakvartals\/wp-content\/uploads\/2025\/07\/10_GANIBU-DAMBIS_2023_10_04.jpg","title":"10_GANIBU DAMBIS_2023_10_04","caption":"","description":"","alt":"","srcset":false},{"width":150,"height":150,"file":"2025\/07\/11_GANIBU-DAMBIS_2023_10_04.jpg","filesize":3279548,"sizes":{"medium":{"file":"11_GANIBU-DAMBIS_2023_10_04-300x169.jpg","width":300,"height":169,"mime-type":"image\/jpeg","filesize":17382,"url":"https:\/\/hepsor.lv\/veidamakvartals\/wp-content\/uploads\/2025\/07\/11_GANIBU-DAMBIS_2023_10_04-300x169.jpg"},"large":{"file":"11_GANIBU-DAMBIS_2023_10_04-1024x576.jpg","width":1024,"height":576,"mime-type":"image\/jpeg","filesize":162823,"url":"https:\/\/hepsor.lv\/veidamakvartals\/wp-content\/uploads\/2025\/07\/11_GANIBU-DAMBIS_2023_10_04-1024x576.jpg"},"thumbnail":{"file":"11_GANIBU-DAMBIS_2023_10_04-150x150.jpg","width":150,"height":150,"mime-type":"image\/jpeg","filesize":8022,"url":"https:\/\/hepsor.lv\/veidamakvartals\/wp-content\/uploads\/2025\/07\/11_GANIBU-DAMBIS_2023_10_04-150x150.jpg"},"medium_large":{"file":"11_GANIBU-DAMBIS_2023_10_04-768x432.jpg","width":768,"height":432,"mime-type":"image\/jpeg","filesize":95593,"url":"https:\/\/hepsor.lv\/veidamakvartals\/wp-content\/uploads\/2025\/07\/11_GANIBU-DAMBIS_2023_10_04-768x432.jpg"},"1536x1536":{"file":"11_GANIBU-DAMBIS_2023_10_04-1536x864.jpg","width":1536,"height":864,"mime-type":"image\/jpeg","filesize":333623,"url":"https:\/\/hepsor.lv\/veidamakvartals\/wp-content\/uploads\/2025\/07\/11_GANIBU-DAMBIS_2023_10_04-1536x864.jpg"},"2048x2048":{"file":"11_GANIBU-DAMBIS_2023_10_04-2048x1152.jpg","width":2048,"height":1152,"mime-type":"image\/jpeg","filesize":540451,"url":"https:\/\/hepsor.lv\/veidamakvartals\/wp-content\/uploads\/2025\/07\/11_GANIBU-DAMBIS_2023_10_04-2048x1152.jpg"}},"image_meta":{"aperture":"0","credit":"","camera":"","caption":"","created_timestamp":"0","copyright":"","focal_length":"0","iso":"0","shutter_speed":"0","title":"","orientation":"1","keywords":[]},"ID":"4566","name":"11_GANIBU-DAMBIS_2023_10_04.jpg","path":"\/data03\/virt47869\/domeenid\/www.hepsor.ee\/lv\/veidamakvartals\/wp-content\/uploads\/2025\/07\/11_GANIBU-DAMBIS_2023_10_04.jpg","url":"https:\/\/hepsor.lv\/veidamakvartals\/wp-content\/uploads\/2025\/07\/11_GANIBU-DAMBIS_2023_10_04-150x150.jpg","full_url":"https:\/\/hepsor.lv\/veidamakvartals\/wp-content\/uploads\/2025\/07\/11_GANIBU-DAMBIS_2023_10_04.jpg","title":"11_GANIBU DAMBIS_2023_10_04","caption":"","description":"","alt":"","srcset":false},{"width":150,"height":150,"file":"2025\/07\/12_GANIBU-DAMBIS_2023_10_04.jpg","filesize":3360556,"sizes":{"medium":{"file":"12_GANIBU-DAMBIS_2023_10_04-300x169.jpg","width":300,"height":169,"mime-type":"image\/jpeg","filesize":15264,"url":"https:\/\/hepsor.lv\/veidamakvartals\/wp-content\/uploads\/2025\/07\/12_GANIBU-DAMBIS_2023_10_04-300x169.jpg"},"large":{"file":"12_GANIBU-DAMBIS_2023_10_04-1024x576.jpg","width":1024,"height":576,"mime-type":"image\/jpeg","filesize":147167,"url":"https:\/\/hepsor.lv\/veidamakvartals\/wp-content\/uploads\/2025\/07\/12_GANIBU-DAMBIS_2023_10_04-1024x576.jpg"},"thumbnail":{"file":"12_GANIBU-DAMBIS_2023_10_04-150x150.jpg","width":150,"height":150,"mime-type":"image\/jpeg","filesize":7390,"url":"https:\/\/hepsor.lv\/veidamakvartals\/wp-content\/uploads\/2025\/07\/12_GANIBU-DAMBIS_2023_10_04-150x150.jpg"},"medium_large":{"file":"12_GANIBU-DAMBIS_2023_10_04-768x432.jpg","width":768,"height":432,"mime-type":"image\/jpeg","filesize":85912,"url":"https:\/\/hepsor.lv\/veidamakvartals\/wp-content\/uploads\/2025\/07\/12_GANIBU-DAMBIS_2023_10_04-768x432.jpg"},"1536x1536":{"file":"12_GANIBU-DAMBIS_2023_10_04-1536x864.jpg","width":1536,"height":864,"mime-type":"image\/jpeg","filesize":308066,"url":"https:\/\/hepsor.lv\/veidamakvartals\/wp-content\/uploads\/2025\/07\/12_GANIBU-DAMBIS_2023_10_04-1536x864.jpg"},"2048x2048":{"file":"12_GANIBU-DAMBIS_2023_10_04-2048x1152.jpg","width":2048,"height":1152,"mime-type":"image\/jpeg","filesize":506186,"url":"https:\/\/hepsor.lv\/veidamakvartals\/wp-content\/uploads\/2025\/07\/12_GANIBU-DAMBIS_2023_10_04-2048x1152.jpg"}},"image_meta":{"aperture":"0","credit":"","camera":"","caption":"","created_timestamp":"0","copyright":"","focal_length":"0","iso":"0","shutter_speed":"0","title":"","orientation":"1","keywords":[]},"ID":"4569","name":"12_GANIBU-DAMBIS_2023_10_04.jpg","path":"\/data03\/virt47869\/domeenid\/www.hepsor.ee\/lv\/veidamakvartals\/wp-content\/uploads\/2025\/07\/12_GANIBU-DAMBIS_2023_10_04.jpg","url":"https:\/\/hepsor.lv\/veidamakvartals\/wp-content\/uploads\/2025\/07\/12_GANIBU-DAMBIS_2023_10_04-150x150.jpg","full_url":"https:\/\/hepsor.lv\/veidamakvartals\/wp-content\/uploads\/2025\/07\/12_GANIBU-DAMBIS_2023_10_04.jpg","title":"12_GANIBU DAMBIS_2023_10_04","caption":"","description":"","alt":"","srcset":false},{"width":150,"height":150,"file":"2025\/07\/16_GANIBU-DAMBIS_2023_10_04.jpg","filesize":2580743,"sizes":{"medium":{"file":"16_GANIBU-DAMBIS_2023_10_04-300x169.jpg","width":300,"height":169,"mime-type":"image\/jpeg","filesize":12574,"url":"https:\/\/hepsor.lv\/veidamakvartals\/wp-content\/uploads\/2025\/07\/16_GANIBU-DAMBIS_2023_10_04-300x169.jpg"},"large":{"file":"16_GANIBU-DAMBIS_2023_10_04-1024x576.jpg","width":1024,"height":576,"mime-type":"image\/jpeg","filesize":108426,"url":"https:\/\/hepsor.lv\/veidamakvartals\/wp-content\/uploads\/2025\/07\/16_GANIBU-DAMBIS_2023_10_04-1024x576.jpg"},"thumbnail":{"file":"16_GANIBU-DAMBIS_2023_10_04-150x150.jpg","width":150,"height":150,"mime-type":"image\/jpeg","filesize":5590,"url":"https:\/\/hepsor.lv\/veidamakvartals\/wp-content\/uploads\/2025\/07\/16_GANIBU-DAMBIS_2023_10_04-150x150.jpg"},"medium_large":{"file":"16_GANIBU-DAMBIS_2023_10_04-768x432.jpg","width":768,"height":432,"mime-type":"image\/jpeg","filesize":63898,"url":"https:\/\/hepsor.lv\/veidamakvartals\/wp-content\/uploads\/2025\/07\/16_GANIBU-DAMBIS_2023_10_04-768x432.jpg"},"1536x1536":{"file":"16_GANIBU-DAMBIS_2023_10_04-1536x864.jpg","width":1536,"height":864,"mime-type":"image\/jpeg","filesize":225268,"url":"https:\/\/hepsor.lv\/veidamakvartals\/wp-content\/uploads\/2025\/07\/16_GANIBU-DAMBIS_2023_10_04-1536x864.jpg"},"2048x2048":{"file":"16_GANIBU-DAMBIS_2023_10_04-2048x1152.jpg","width":2048,"height":1152,"mime-type":"image\/jpeg","filesize":371546,"url":"https:\/\/hepsor.lv\/veidamakvartals\/wp-content\/uploads\/2025\/07\/16_GANIBU-DAMBIS_2023_10_04-2048x1152.jpg"}},"image_meta":{"aperture":"0","credit":"","camera":"","caption":"","created_timestamp":"0","copyright":"","focal_length":"0","iso":"0","shutter_speed":"0","title":"","orientation":"1","keywords":[]},"ID":"4572","name":"16_GANIBU-DAMBIS_2023_10_04.jpg","path":"\/data03\/virt47869\/domeenid\/www.hepsor.ee\/lv\/veidamakvartals\/wp-content\/uploads\/2025\/07\/16_GANIBU-DAMBIS_2023_10_04.jpg","url":"https:\/\/hepsor.lv\/veidamakvartals\/wp-content\/uploads\/2025\/07\/16_GANIBU-DAMBIS_2023_10_04-150x150.jpg","full_url":"https:\/\/hepsor.lv\/veidamakvartals\/wp-content\/uploads\/2025\/07\/16_GANIBU-DAMBIS_2023_10_04.jpg","title":"16_GANIBU DAMBIS_2023_10_04","caption":"","description":"","alt":"","srcset":false},{"width":150,"height":150,"file":"2025\/07\/17_GANIBU-DAMBIS_2023_10_04.jpg","filesize":3176724,"sizes":{"medium":{"file":"17_GANIBU-DAMBIS_2023_10_04-300x169.jpg","width":300,"height":169,"mime-type":"image\/jpeg","filesize":16583,"url":"https:\/\/hepsor.lv\/veidamakvartals\/wp-content\/uploads\/2025\/07\/17_GANIBU-DAMBIS_2023_10_04-300x169.jpg"},"large":{"file":"17_GANIBU-DAMBIS_2023_10_04-1024x576.jpg","width":1024,"height":576,"mime-type":"image\/jpeg","filesize":158957,"url":"https:\/\/hepsor.lv\/veidamakvartals\/wp-content\/uploads\/2025\/07\/17_GANIBU-DAMBIS_2023_10_04-1024x576.jpg"},"thumbnail":{"file":"17_GANIBU-DAMBIS_2023_10_04-150x150.jpg","width":150,"height":150,"mime-type":"image\/jpeg","filesize":8112,"url":"https:\/\/hepsor.lv\/veidamakvartals\/wp-content\/uploads\/2025\/07\/17_GANIBU-DAMBIS_2023_10_04-150x150.jpg"},"medium_large":{"file":"17_GANIBU-DAMBIS_2023_10_04-768x432.jpg","width":768,"height":432,"mime-type":"image\/jpeg","filesize":92649,"url":"https:\/\/hepsor.lv\/veidamakvartals\/wp-content\/uploads\/2025\/07\/17_GANIBU-DAMBIS_2023_10_04-768x432.jpg"},"1536x1536":{"file":"17_GANIBU-DAMBIS_2023_10_04-1536x864.jpg","width":1536,"height":864,"mime-type":"image\/jpeg","filesize":332566,"url":"https:\/\/hepsor.lv\/veidamakvartals\/wp-content\/uploads\/2025\/07\/17_GANIBU-DAMBIS_2023_10_04-1536x864.jpg"},"2048x2048":{"file":"17_GANIBU-DAMBIS_2023_10_04-2048x1152.jpg","width":2048,"height":1152,"mime-type":"image\/jpeg","filesize":544801,"url":"https:\/\/hepsor.lv\/veidamakvartals\/wp-content\/uploads\/2025\/07\/17_GANIBU-DAMBIS_2023_10_04-2048x1152.jpg"}},"image_meta":{"aperture":"0","credit":"","camera":"","caption":"","created_timestamp":"0","copyright":"","focal_length":"0","iso":"0","shutter_speed":"0","title":"","orientation":"1","keywords":[]},"ID":"4575","name":"17_GANIBU-DAMBIS_2023_10_04.jpg","path":"\/data03\/virt47869\/domeenid\/www.hepsor.ee\/lv\/veidamakvartals\/wp-content\/uploads\/2025\/07\/17_GANIBU-DAMBIS_2023_10_04.jpg","url":"https:\/\/hepsor.lv\/veidamakvartals\/wp-content\/uploads\/2025\/07\/17_GANIBU-DAMBIS_2023_10_04-150x150.jpg","full_url":"https:\/\/hepsor.lv\/veidamakvartals\/wp-content\/uploads\/2025\/07\/17_GANIBU-DAMBIS_2023_10_04.jpg","title":"17_GANIBU DAMBIS_2023_10_04","caption":"","description":"","alt":"","srcset":false}]},"_links":{"self":[{"href":"https:\/\/hepsor.lv\/veidamakvartals\/wp-json\/wp\/v2\/pages\/1482","targetHints":{"allow":["GET"]}}],"collection":[{"href":"https:\/\/hepsor.lv\/veidamakvartals\/wp-json\/wp\/v2\/pages"}],"about":[{"href":"https:\/\/hepsor.lv\/veidamakvartals\/wp-json\/wp\/v2\/types\/page"}],"author":[{"embeddable":true,"href":"https:\/\/hepsor.lv\/veidamakvartals\/wp-json\/wp\/v2\/users\/1"}],"replies":[{"embeddable":true,"href":"https:\/\/hepsor.lv\/veidamakvartals\/wp-json\/wp\/v2\/comments?post=1482"}],"version-history":[{"count":0,"href":"https:\/\/hepsor.lv\/veidamakvartals\/wp-json\/wp\/v2\/pages\/1482\/revisions"}],"wp:featuredmedia":[{"embeddable":true,"href":"https:\/\/hepsor.lv\/veidamakvartals\/wp-json\/wp\/v2\/media\/1488"}],"wp:attachment":[{"href":"https:\/\/hepsor.lv\/veidamakvartals\/wp-json\/wp\/v2\/media?parent=1482"}],"curies":[{"name":"wp","href":"https:\/\/api.w.org\/{rel}","templated":true}]}}