{"id":1842,"date":"2024-05-29T12:33:38","date_gmt":"2024-05-29T12:33:38","guid":{"rendered":"https:\/\/hepsor.lv\/veidamakvartals\/?page_id=1842"},"modified":"2024-07-03T10:32:22","modified_gmt":"2024-07-03T10:32:22","slug":"par-projektu","status":"publish","type":"page","link":"https:\/\/hepsor.lv\/veidamakvartals\/par-projektu\/","title":{"rendered":"Projekts"},"content":{"rendered":"","protected":false},"excerpt":{"rendered":"","protected":false},"author":1,"featured_media":0,"parent":0,"menu_order":0,"comment_status":"closed","ping_status":"closed","template":"page-templates\/project-page.php","meta":{"footnotes":""},"class_list":["post-1842","page","type-page","status-publish","hentry"],"meta_box":{"store-text_list":["Veikals","Noliktava","Birojs"],"contact_buttons-title_text":"","contact_buttons-title_subtext":"","contact_buttons-contact_button_text":"","contact_buttons-calendly_button_text":"","contact_buttons-calendly_url":"","contact_buttons-back_text":"","history-title":"","history-paragraphs":[],"history-image":false,"history-timeline_steps":[],"history-logo_content":"","developer":[],"environment":[],"environment_icons":[],"breeam":[],"plan-title":"","plan-image":false,"plan-solar_panels":"","plan-leisure":"","plan-safety":"","plan-parking":[],"plan-v1":[],"plan-v2":[],"plan-near_labels":[],"places":[],"climate-title":"\u0112KU IEK\u0160\u0112JAIS KLIMATS","climate-climate":[{"climate-image":"1934","climate-title":"SILTUMS","climate-description":"Radiatori\/konvektori veikalu un biroju da\u013c\u0101s. Noliktava ar gaisa p\u016bt\u0113jiem, vad\u0101mi no kontrollieri vai manu\u0101li."},{"climate-image":"1936","climate-title":"VENTIL\u0100CIJA","climate-description":"Ventil\u0101cijas sist\u0113ma \u2013 individu\u0101la katram biroju un veikalu blokam ar siltuma atg\u016b\u0161anu un CO2 sensoriem. Noliktavas zona ar dab\u012bgo ventil\u0101ciju."},{"climate-image":"1938","climate-title":"DZES\u0112\u0160ANA","climate-description":"Katram veikalu\/biroju blokam paredz\u0113ta individu\u0101la tie\u0161\u0101s dzes\u0113\u0161anas sist\u0113ma, dzes\u0113t\u0101ji \u2013 griestu kasetes vai sienas kondicionieri. Noliktava bez dzes\u0113\u0161anas iek\u0101rtas."}],"climate-pdf":[{"filesize":3633637,"ID":"2420","name":"Veidama_PDF_pielikums_LV-1.pdf","path":"\/data03\/virt47869\/domeenid\/www.hepsor.ee\/lv\/veidamakvartals\/wp-content\/uploads\/2024\/06\/Veidama_PDF_pielikums_LV-1.pdf","url":"https:\/\/hepsor.lv\/veidamakvartals\/wp-content\/uploads\/2024\/06\/Veidama_PDF_pielikums_LV-1.pdf","title":"Veidama_PDF_pielikums_LV"}],"climate-pdf_en":[{"filesize":2699383,"ID":"2433","name":"Veidama_PDF_pielikums_ENG-2.pdf","path":"\/data03\/virt47869\/domeenid\/www.hepsor.ee\/lv\/veidamakvartals\/wp-content\/uploads\/2024\/06\/Veidama_PDF_pielikums_ENG-2.pdf","url":"https:\/\/hepsor.lv\/veidamakvartals\/wp-content\/uploads\/2024\/06\/Veidama_PDF_pielikums_ENG-2.pdf","title":"Veidama_PDF_pielikums_ENG"}],"climate-pdf_ru":[{"filesize":258737,"ID":"2436","name":"Veidama_PDF_pielikums_RUS.pdf","path":"\/data03\/virt47869\/domeenid\/www.hepsor.ee\/lv\/veidamakvartals\/wp-content\/uploads\/2024\/06\/Veidama_PDF_pielikums_RUS.pdf","url":"https:\/\/hepsor.lv\/veidamakvartals\/wp-content\/uploads\/2024\/06\/Veidama_PDF_pielikums_RUS.pdf","title":"Veidama_PDF_pielikums_RUS"}],"environmental-title":"ILGTSP\u0112J\u012aGI RISIN\u0100JUMI","environmental-group_mhuqhz28fff":[{"environmental-icon":"1926","environmental-title":"BREEAM","environmental-description":"\u0112kas tiks b\u016bv\u0113tas saska\u0146\u0101 ar augst\u0101kajiem b\u016bvniec\u012bbas standartiem, lai ieg\u016btu BREEAM \u201cVERY GOOD\u201d sertifik\u0101cijas l\u012bmeni. T\u0101dej\u0101di r\u016bp\u0113simies par projekta kvalit\u0101ti, energoefekt\u012bviem risin\u0101jumiem un zem\u0101k\u0101m ikdienas izmaks\u0101m."},{"environmental-icon":"1928","environmental-title":"\u0112RTA LO\u0122ISTIKA","environmental-description":"VEIDAMA kvart\u0101ls atrodas izdev\u012bg\u0101 pils\u0113tas krustpunkt\u0101, Gan\u012bbu damb\u012b \u2013 rokas stiepiena att\u0101lum\u0101 no centr\u0101laj\u0101m R\u012bgas ma\u0123istr\u0101l\u0113m, nodro\u0161inot \u0113rtu satiksmi gan uz pils\u0113tas centru, gan cit\u0101m pils\u0113tas apkaim\u0113m."},{"environmental-icon":"1924","environmental-title":"PIEL\u0100GOJAMI RISIN\u0100JUMI","environmental-description":"Visas telpas ir iesp\u0113jams piel\u0101got J\u016bsu vajadz\u012bb\u0101m, mainot to komplekt\u0101ciju un plat\u012bbu atbilsto\u0161i uz\u0146\u0113m\u0113jdarb\u012bbas vajadz\u012bb\u0101m."},{"environmental-icon":"1930","environmental-title":"VIDEI DRAUDZ\u012aGA \u0112KA","environmental-description":"VEIDAMA kvart\u0101ls ir uz ilgtsp\u0113ju un videi draudz\u012bgu pieeju orient\u0113ts projekts. Taj\u0101 \u012bstenoti risin\u0101jumi augstv\u0113rt\u012bgu iek\u0161telpu klimata nodro\u0161in\u0101jumam, dom\u0101ts par atjaunojamo elektroener\u0123iju, k\u0101 ar\u012b vides pieejam\u012bbu jebkuram interesentam."}],"title":"VISS VIENUVIET","description":"Biroja \u0113kas \u0113rt\u012bbas un funkcionalit\u0101te \u2013 pla\u0161as veikalu, biroju un noliktavu telpas vienuviet ar iesp\u0113ju piel\u0101got telpu plat\u012bbas atbilsto\u0161i J\u016bsu vajadz\u012bb\u0101m.","banner":{"width":150,"height":150,"file":"2024\/06\/bilde2_cropped--scaled.jpg","filesize":223746,"sizes":{"medium":{"file":"bilde2_cropped--300x67.jpg","width":300,"height":67,"mime-type":"image\/jpeg","filesize":6877,"url":"https:\/\/hepsor.lv\/veidamakvartals\/wp-content\/uploads\/2024\/06\/bilde2_cropped--300x67.jpg"},"large":{"file":"bilde2_cropped--1024x229.jpg","width":1024,"height":229,"mime-type":"image\/jpeg","filesize":50332,"url":"https:\/\/hepsor.lv\/veidamakvartals\/wp-content\/uploads\/2024\/06\/bilde2_cropped--1024x229.jpg"},"thumbnail":{"file":"bilde2_cropped--150x150.jpg","width":150,"height":150,"mime-type":"image\/jpeg","filesize":6969,"url":"https:\/\/hepsor.lv\/veidamakvartals\/wp-content\/uploads\/2024\/06\/bilde2_cropped--150x150.jpg"},"medium_large":{"file":"bilde2_cropped--768x172.jpg","width":768,"height":172,"mime-type":"image\/jpeg","filesize":31488,"url":"https:\/\/hepsor.lv\/veidamakvartals\/wp-content\/uploads\/2024\/06\/bilde2_cropped--768x172.jpg"},"1536x1536":{"file":"bilde2_cropped--1536x343.jpg","width":1536,"height":343,"mime-type":"image\/jpeg","filesize":96825,"url":"https:\/\/hepsor.lv\/veidamakvartals\/wp-content\/uploads\/2024\/06\/bilde2_cropped--1536x343.jpg"},"2048x2048":{"file":"bilde2_cropped--2048x458.jpg","width":2048,"height":458,"mime-type":"image\/jpeg","filesize":155722,"url":"https:\/\/hepsor.lv\/veidamakvartals\/wp-content\/uploads\/2024\/06\/bilde2_cropped--2048x458.jpg"}},"image_meta":{"aperture":"0","credit":"","camera":"","caption":"","created_timestamp":"0","copyright":"","focal_length":"0","iso":"0","shutter_speed":"0","title":"","orientation":"0","keywords":[]},"original_image":"bilde2_cropped-.jpg","ID":"2051","name":"bilde2_cropped--scaled.jpg","path":"\/data03\/virt47869\/domeenid\/www.hepsor.ee\/lv\/veidamakvartals\/wp-content\/uploads\/2024\/06\/bilde2_cropped--scaled.jpg","url":"https:\/\/hepsor.lv\/veidamakvartals\/wp-content\/uploads\/2024\/06\/bilde2_cropped--150x150.jpg","full_url":"https:\/\/hepsor.lv\/veidamakvartals\/wp-content\/uploads\/2024\/06\/bilde2_cropped--scaled.jpg","title":"bilde2_cropped","caption":"","description":"","alt":"","srcset":false},"properties-title":"Izv\u0113lies savam biznesam piem\u0113rot\u0101ko telpu risin\u0101jumu","properties-description":"VEIDAMA kvart\u0101ls pied\u0101v\u0101 risin\u0101jumus m\u016bsdien\u012bgai uz\u0146\u0113m\u0113jdarb\u012bbai, kas atbilst J\u016bsu vajadz\u012bb\u0101m \u2013 \u0113rt\u0101kai lo\u0123istikai un samazin\u0101t\u0101m ikdienas izmaks\u0101m pieejamas veikalu, noliktavu un biroju telpas vienuviet.","properties-advantages":[{"properties-icon":"1883","properties-property":"5214 m2","properties-text":"Iznom\u0101jam\u0101 plat\u012bba"},{"properties-icon":"1887","properties-property":"8","properties-text":"Noliktavas"},{"properties-icon":"1871","properties-property":"10","properties-text":"Biroju telpas"},{"properties-icon":"1885","properties-property":"11","properties-text":"Veikalu telpas"},{"properties-icon":"1879","properties-property":"95","properties-text":"Autost\u0101vvietas"},{"properties-icon":"1875","properties-property":"3","properties-text":"Elektroauto uzl\u0101des vietas \u2028"}],"partners":[],"visuals":[{"width":150,"height":150,"file":"2024\/06\/landing-bilde-3-scaled.jpg","filesize":675887,"sizes":{"medium":{"file":"landing-bilde-3-300x159.jpg","width":300,"height":159,"mime-type":"image\/jpeg","filesize":15554,"url":"https:\/\/hepsor.lv\/veidamakvartals\/wp-content\/uploads\/2024\/06\/landing-bilde-3-300x159.jpg"},"large":{"file":"landing-bilde-3-1024x543.jpg","width":1024,"height":543,"mime-type":"image\/jpeg","filesize":146113,"url":"https:\/\/hepsor.lv\/veidamakvartals\/wp-content\/uploads\/2024\/06\/landing-bilde-3-1024x543.jpg"},"thumbnail":{"file":"landing-bilde-3-150x150.jpg","width":150,"height":150,"mime-type":"image\/jpeg","filesize":7278,"url":"https:\/\/hepsor.lv\/veidamakvartals\/wp-content\/uploads\/2024\/06\/landing-bilde-3-150x150.jpg"},"medium_large":{"file":"landing-bilde-3-768x407.jpg","width":768,"height":407,"mime-type":"image\/jpeg","filesize":86953,"url":"https:\/\/hepsor.lv\/veidamakvartals\/wp-content\/uploads\/2024\/06\/landing-bilde-3-768x407.jpg"},"1536x1536":{"file":"landing-bilde-3-1536x814.jpg","width":1536,"height":814,"mime-type":"image\/jpeg","filesize":294896,"url":"https:\/\/hepsor.lv\/veidamakvartals\/wp-content\/uploads\/2024\/06\/landing-bilde-3-1536x814.jpg"},"2048x2048":{"file":"landing-bilde-3-2048x1085.jpg","width":2048,"height":1085,"mime-type":"image\/jpeg","filesize":475897,"url":"https:\/\/hepsor.lv\/veidamakvartals\/wp-content\/uploads\/2024\/06\/landing-bilde-3-2048x1085.jpg"}},"image_meta":{"aperture":"0","credit":"","camera":"","caption":"","created_timestamp":"0","copyright":"","focal_length":"0","iso":"0","shutter_speed":"0","title":"","orientation":"0","keywords":[]},"original_image":"landing-bilde-3.jpg","ID":"2061","name":"landing-bilde-3-scaled.jpg","path":"\/data03\/virt47869\/domeenid\/www.hepsor.ee\/lv\/veidamakvartals\/wp-content\/uploads\/2024\/06\/landing-bilde-3-scaled.jpg","url":"https:\/\/hepsor.lv\/veidamakvartals\/wp-content\/uploads\/2024\/06\/landing-bilde-3-150x150.jpg","full_url":"https:\/\/hepsor.lv\/veidamakvartals\/wp-content\/uploads\/2024\/06\/landing-bilde-3-scaled.jpg","title":"landing bilde 3","caption":"","description":"","alt":"","srcset":false},{"width":150,"height":150,"file":"2024\/06\/landing-bilde-2.png","filesize":1856638,"sizes":{"medium":{"file":"landing-bilde-2-300x159.png","width":300,"height":159,"mime-type":"image\/png","filesize":106402,"url":"https:\/\/hepsor.lv\/veidamakvartals\/wp-content\/uploads\/2024\/06\/landing-bilde-2-300x159.png"},"large":{"file":"landing-bilde-2-1024x543.png","width":1024,"height":543,"mime-type":"image\/png","filesize":1008446,"url":"https:\/\/hepsor.lv\/veidamakvartals\/wp-content\/uploads\/2024\/06\/landing-bilde-2-1024x543.png"},"thumbnail":{"file":"landing-bilde-2-150x150.png","width":150,"height":150,"mime-type":"image\/png","filesize":52086,"url":"https:\/\/hepsor.lv\/veidamakvartals\/wp-content\/uploads\/2024\/06\/landing-bilde-2-150x150.png"},"medium_large":{"file":"landing-bilde-2-768x407.png","width":768,"height":407,"mime-type":"image\/png","filesize":610758,"url":"https:\/\/hepsor.lv\/veidamakvartals\/wp-content\/uploads\/2024\/06\/landing-bilde-2-768x407.png"}},"image_meta":{"aperture":"0","credit":"","camera":"","caption":"","created_timestamp":"0","copyright":"","focal_length":"0","iso":"0","shutter_speed":"0","title":"","orientation":"0","keywords":[]},"ID":"2057","name":"landing-bilde-2.png","path":"\/data03\/virt47869\/domeenid\/www.hepsor.ee\/lv\/veidamakvartals\/wp-content\/uploads\/2024\/06\/landing-bilde-2.png","url":"https:\/\/hepsor.lv\/veidamakvartals\/wp-content\/uploads\/2024\/06\/landing-bilde-2-150x150.png","full_url":"https:\/\/hepsor.lv\/veidamakvartals\/wp-content\/uploads\/2024\/06\/landing-bilde-2.png","title":"landing bilde 2","caption":"","description":"","alt":"","srcset":false},{"width":150,"height":150,"file":"2024\/06\/landing-bilde-4-scaled.jpg","filesize":650097,"sizes":{"medium":{"file":"landing-bilde-4-300x159.jpg","width":300,"height":159,"mime-type":"image\/jpeg","filesize":15479,"url":"https:\/\/hepsor.lv\/veidamakvartals\/wp-content\/uploads\/2024\/06\/landing-bilde-4-300x159.jpg"},"large":{"file":"landing-bilde-4-1024x543.jpg","width":1024,"height":543,"mime-type":"image\/jpeg","filesize":142607,"url":"https:\/\/hepsor.lv\/veidamakvartals\/wp-content\/uploads\/2024\/06\/landing-bilde-4-1024x543.jpg"},"thumbnail":{"file":"landing-bilde-4-150x150.jpg","width":150,"height":150,"mime-type":"image\/jpeg","filesize":8516,"url":"https:\/\/hepsor.lv\/veidamakvartals\/wp-content\/uploads\/2024\/06\/landing-bilde-4-150x150.jpg"},"medium_large":{"file":"landing-bilde-4-768x407.jpg","width":768,"height":407,"mime-type":"image\/jpeg","filesize":84556,"url":"https:\/\/hepsor.lv\/veidamakvartals\/wp-content\/uploads\/2024\/06\/landing-bilde-4-768x407.jpg"},"1536x1536":{"file":"landing-bilde-4-1536x814.jpg","width":1536,"height":814,"mime-type":"image\/jpeg","filesize":286324,"url":"https:\/\/hepsor.lv\/veidamakvartals\/wp-content\/uploads\/2024\/06\/landing-bilde-4-1536x814.jpg"},"2048x2048":{"file":"landing-bilde-4-2048x1085.jpg","width":2048,"height":1085,"mime-type":"image\/jpeg","filesize":459791,"url":"https:\/\/hepsor.lv\/veidamakvartals\/wp-content\/uploads\/2024\/06\/landing-bilde-4-2048x1085.jpg"}},"image_meta":{"aperture":"0","credit":"","camera":"","caption":"","created_timestamp":"0","copyright":"","focal_length":"0","iso":"0","shutter_speed":"0","title":"","orientation":"0","keywords":[]},"original_image":"landing-bilde-4.jpg","ID":"2059","name":"landing-bilde-4-scaled.jpg","path":"\/data03\/virt47869\/domeenid\/www.hepsor.ee\/lv\/veidamakvartals\/wp-content\/uploads\/2024\/06\/landing-bilde-4-scaled.jpg","url":"https:\/\/hepsor.lv\/veidamakvartals\/wp-content\/uploads\/2024\/06\/landing-bilde-4-150x150.jpg","full_url":"https:\/\/hepsor.lv\/veidamakvartals\/wp-content\/uploads\/2024\/06\/landing-bilde-4-scaled.jpg","title":"landing bilde 4","caption":"","description":"","alt":"","srcset":false}]},"_links":{"self":[{"href":"https:\/\/hepsor.lv\/veidamakvartals\/wp-json\/wp\/v2\/pages\/1842","targetHints":{"allow":["GET"]}}],"collection":[{"href":"https:\/\/hepsor.lv\/veidamakvartals\/wp-json\/wp\/v2\/pages"}],"about":[{"href":"https:\/\/hepsor.lv\/veidamakvartals\/wp-json\/wp\/v2\/types\/page"}],"author":[{"embeddable":true,"href":"https:\/\/hepsor.lv\/veidamakvartals\/wp-json\/wp\/v2\/users\/1"}],"replies":[{"embeddable":true,"href":"https:\/\/hepsor.lv\/veidamakvartals\/wp-json\/wp\/v2\/comments?post=1842"}],"version-history":[{"count":0,"href":"https:\/\/hepsor.lv\/veidamakvartals\/wp-json\/wp\/v2\/pages\/1842\/revisions"}],"wp:attachment":[{"href":"https:\/\/hepsor.lv\/veidamakvartals\/wp-json\/wp\/v2\/media?parent=1842"}],"curies":[{"name":"wp","href":"https:\/\/api.w.org\/{rel}","templated":true}]}}