{"id":5,"date":"2024-09-02T08:02:32","date_gmt":"2024-09-02T08:02:32","guid":{"rendered":"https:\/\/hepsor.lv\/zalajugla\/?page_id=5"},"modified":"2026-04-10T06:27:16","modified_gmt":"2026-04-10T06:27:16","slug":"home","status":"publish","type":"page","link":"https:\/\/hepsor.lv\/zalajugla\/","title":{"rendered":"Home"},"content":{"rendered":"","protected":false},"excerpt":{"rendered":"","protected":false},"author":1,"featured_media":885,"parent":0,"menu_order":0,"comment_status":"closed","ping_status":"closed","template":"page-templates\/home-page.php","meta":{"footnotes":""},"class_list":["post-5","page","type-page","status-publish","has-post-thumbnail","hentry"],"meta_box":{"environment_video_url":"https:\/\/cdn.skiv.com\/w\/159868870b07906e6f1b5e5d2db116f48e3d954d779c5fc490cbe063c888e710\/videos\/video-1080p.mp4","mobile_thumbnail":{"width":150,"height":150,"file":"2025\/09\/mob-title.png","filesize":2150735,"sizes":{"medium":{"file":"mob-title-159x300.png","width":159,"height":300,"mime-type":"image\/png","filesize":39300,"url":"https:\/\/hepsor.lv\/zalajugla\/wp-content\/uploads\/2025\/09\/mob-title-159x300.png"},"large":{"file":"mob-title-542x1024.png","width":542,"height":1024,"mime-type":"image\/png","filesize":332872,"url":"https:\/\/hepsor.lv\/zalajugla\/wp-content\/uploads\/2025\/09\/mob-title-542x1024.png"},"thumbnail":{"file":"mob-title-150x150.png","width":150,"height":150,"mime-type":"image\/png","filesize":21279,"url":"https:\/\/hepsor.lv\/zalajugla\/wp-content\/uploads\/2025\/09\/mob-title-150x150.png"},"medium_large":{"file":"mob-title-768x1451.png","width":768,"height":1451,"mime-type":"image\/png","filesize":644768,"url":"https:\/\/hepsor.lv\/zalajugla\/wp-content\/uploads\/2025\/09\/mob-title-768x1451.png"},"custom-large":{"file":"mob-title-635x1200.png","width":635,"height":1200,"mime-type":"image\/png","filesize":450931,"url":"https:\/\/hepsor.lv\/zalajugla\/wp-content\/uploads\/2025\/09\/mob-title-635x1200.png"}},"image_meta":{"aperture":"0","credit":"","camera":"","caption":"","created_timestamp":"0","copyright":"","focal_length":"0","iso":"0","shutter_speed":"0","title":"","orientation":"0","keywords":[]},"ID":"887","name":"mob-title.png","path":"\/data03\/virt47869\/domeenid\/www.hepsor.ee\/lv\/zalajugla\/wp-content\/uploads\/2025\/09\/mob-title.png","url":"https:\/\/hepsor.lv\/zalajugla\/wp-content\/uploads\/2025\/09\/mob-title-150x150.png","full_url":"https:\/\/hepsor.lv\/zalajugla\/wp-content\/uploads\/2025\/09\/mob-title.png","title":"mob-title","caption":"","description":"","alt":"","srcset":false},"stats":[],"building_stats":[],"title_group":{"title":["M\u0101jas ezera krast\u0101","Braila iel\u0101 23,","Jugl\u0101"],"subtitle":"Dz\u012bvo vienlaikus za\u013ca miera apskaut\u0101 krast\u0101 un pils\u0113t\u0101 tie\u0161i blakus Juglas ezeram. Vieta, kuras v\u0113rt\u012bba augs gadu no gada \u2013 kop\u0101 ar dabu aiz loga.","button_label":"Izv\u0113l\u0113ties dz\u012bvokli","button_link":"9","video_url":"https:\/\/cdn.skiv.com\/u\/NH6Wj7U\/e5dfb19d4b2074a445c9a3af0a0ade512d5192105b8e0244ad096e5c440643e0\/videos\/video.mp4","mobile_video_url":"https:\/\/cdn.muse.ai\/u\/NH6Wj7U\/2c3bfb0c1ec8cd4eebc21eae3da157a424bc2b03b545f9cb8c8e212e61851830\/videos\/video.mp4"},"attractions_group":[],"title":"","video_url":"","mobile_video_url":"","energo_image":false,"decorative_image":false,"exterior_group":[],"interior_group":[],"details_group":{"description":"Iesak\u0146ojies viet\u0101, kur tr\u012bs m\u0101ju ansamblis savienojas kop\u0101 ar ezeru, virs kura pace\u013cas r\u012bta saule, lai nestu jaunu dienu ar jaun\u0101m celtniec\u012bbas un komforta tehnolo\u0123ij\u0101m.","numbers":[{"number":"3","label":"\u0113kas"},{"number":"6","label":"st\u0101vi"},{"number":"120","label":"st\u0101vvietas"},{"number":"105","label":"dz\u012bvok\u013ci"},{"number":"2-4","label":"istabas"}]},"environment_group":{"title":["Dabas noska\u0146a","Tepat aiz loga"],"subtitle":"Tr\u012bs dz\u012bvojamo m\u0101ju ansamblis ir harmoniski un p\u0101rdom\u0101ti izvietots zemes gabal\u0101 pie Juglas ezera. T\u0101s ir m\u0101jas, kur var\u0113si vad\u012bt savu ikdienu priv\u0101t\u0101 un mierpiln\u0101 vid\u0113.","images":["20","21","22"],"descriptions":[{"title":"Vieta visai \u0123imenei","description":"Teritorij\u0101 ir \u0113rti izvietotas atp\u016btas vietas pieaugu\u0161ajiem un b\u0113rnu laukums, lai baud\u012btu katrs sev \u0113rt\u0101ko dienas ritmu. Vis\u0101s tr\u012bs se\u0161st\u0101vu \u0113k\u0101s ir pieejami lifti, kas nodro\u0161ina \u0113rt\u0101ku p\u0101rvieto\u0161anos gan ar b\u0113rnu rati\u0146iem, gan vesel\u012bbas trauc\u0113jumiem, lai nesteidz\u012bgi un neierobe\u017eoti dotos sav\u0101s gait\u0101s."},{"title":"Dabas tuvums","description":"Ar skatu uz ezeru un taj\u0101 eso\u0161ajiem mak\u0161\u0137erniekiem, no da\u017eneda\u017e\u0101do koku un citu za\u013cumu vainagiem skano\u0161\u0101s putnu dziesmas un pla\u0161ums ar komfortu \u2013 <strong>platforma ar skatu<\/strong> uz ezera pusi, lai gana ilgi var baud\u012bt svaigo gaisu projekta teritorij\u0101 \u2013 \u0161\u012bs visas nianses \u013caus aizmirst par blakus eso\u0161o pils\u0113tas pulsu."},{"title":"Priv\u0101ta atmosf\u0113ra","description":"Jaun\u0101s m\u0101jas rad\u012bs priv\u0101ta ciemata saj\u016btu, kur iesp\u0113jams satikties un \u013cauties gar\u0101m sarun\u0101m ar kaimi\u0146iem vai izv\u0113l\u0113ties klusumu, lai velt\u012btu laiku sev \u2013 akt\u012bvai vai mierpilnai atp\u016btai. Sl\u0113gt\u0101 velosip\u0113du novietne un \u0113rti pieejam\u0101s st\u0101vvietas zem nojumes v\u0113l vair\u0101k akcent\u0113s m\u0101ju komfortu un priv\u0101t\u0101s teritorijas saj\u016btu."}]},"slider":{"images":["924","917","922","919","915","918","2240","928","927","2228","926","925","2243","923","2225","921","2216","920","2237","916","2234","2222","2231","2219"]},"amenities_group":{"amenities":[{"icon":"43","label":"Ezera tuvums"},{"icon":"42","label":"Pla\u0161i balkoni"},{"icon":"41","label":"Apza\u013cumots, sl\u0113gts iek\u0161pagalms"},{"icon":"40","label":"Sp\u0113\u013cu laukums b\u0113rniem"},{"icon":"44","label":"Autost\u0101vvietas \u0101r\u0101 un zem jumta"},{"icon":"890","label":"A+ klases energoefektivit\u0101te"}],"plan_image":"2185","plan_image_mobile":"897","expluatation_image":"894","expluatation_text":"<p class=\"mb-0\"><strong>C m\u0101ja 2027. gada pavasaris\r\nB m\u0101ja 2027. gada vasara<\/strong><\/p>","points_of_interest":[{"title":"Iebrauk\u0161ana","left_percentage":"9","top_percentage":"48"},{"title":"Rota\u013cu laukums","left_percentage":"68","top_percentage":"32"},{"title":"Skatu platforma","left_percentage":"79","top_percentage":"39"}]},"technical_group":{"technical":[{"title":"Papildiesp\u0113jas","description":"Iesp\u0113jams izv\u0113l\u0113ties virszemes st\u0101vvietas vai zem nojumes, k\u0101 ar\u012b k\u0101du no 105 apsild\u0101maj\u0101m noliktav\u0101m.","button_label":"Uzzin\u0101t vair\u0101k","_index_button_file":"_file_69d8982995f63","_index_button_file_eng":"_file_69d8982995f85","_index_button_file_rus":"_file_69d8982995fa3"},{"title":"Konstrukcijas","description":"Uz m\u0101ju pamatu p\u0113das izvietoti lentveida pamati un fas\u0101des apdar\u0113 izmantots dekorat\u012bvais apmetums.","button_label":"Uzzin\u0101t vair\u0101k","button_file":["904"],"_index_button_file":"_file_69d8982996090","button_file_eng":["905"],"_index_button_file_eng":"_file_69d89829966b1","button_file_rus":["906"],"_index_button_file_rus":"_file_69d8982996b20"},{"title":"In\u017eeniert\u012bkli","description":"Centraliz\u0113ta \u016bdens apg\u0101des sist\u0113ma, ar att\u0101lin\u0101ti nolas\u0101miem skait\u012bt\u0101jiem un silt\u0101s gr\u012bdas vannas istab\u0101s.","button_label":"Uzzin\u0101t vair\u0101k","button_file":["907"],"_index_button_file":"_file_69d8982997076","button_file_eng":["908"],"_index_button_file_eng":"_file_69d89829974c4","button_file_rus":["909"],"_index_button_file_rus":"_file_69d898299791b"}]},"partners_group":{"image":"70","partner":[{"title":"Arhitekti","company":"A Part","description":"Arhitektu birojs no R\u012bgas, kas guvis pan\u0101kumus k\u0101 lok\u0101la m\u0113roga, t\u0101 starptautiskos konkursos. T\u0101 darb\u012bbas pamat\u0101 ir m\u016bsdien\u012bgs un funkcion\u0101ls dizains, kur\u0101 \u0146emti v\u0113r\u0101 ilgtsp\u0113j\u012bgi un videi draudz\u012bgi b\u016bvniec\u012bbas risin\u0101jumi. A Part rada harmonisku un ainav\u0101 ieder\u012bgu arhitekt\u016bru, par noteico\u0161o elementu izvirzot gala lietot\u0101ja pieredzi.","url_m24semy9xj":"https:\/\/a.part.lv"},{"title":"Att\u012bst\u012bt\u0101js","company":"Hepsor","description":"M\u0101jok\u013cu un biznesa projektu att\u012bst\u012bt\u0101ji kop\u0161 2011. gada. Hepsor neb\u016bv\u0113 vienk\u0101r\u0161i \u0113kas, bet rada m\u0101jas cilv\u0113kiem un uz\u0146\u0113mumiem. Viens no videi draudz\u012bg\u0101s koncepcijas dom\u0101jo\u0161\u0101kajiem un inovat\u012bv\u0101kajiem att\u012bst\u012bt\u0101jiem, \u0161obr\u012bd pied\u0101v\u0101jam jau dev\u012bto projektu Latvij\u0101.","url_m24semy9xj":"https:\/\/hepsor.lv\/"},{"title":"B\u016bvuz\u0146\u0113m\u0113js","company":"MITT & PERLEBACH","description":"B\u016bvuz\u0146\u0113m\u0113js ar pieredzi daudzdz\u012bvok\u013cu m\u0101ju, noliktavu un komerci\u0101lo \u012bpa\u0161umu celtniec\u012bb\u0101, kura darba vadmot\u012bvs ir bezkompromisu kvalit\u0101te un sol\u012bjumu tur\u0113\u0161ana. \u201dV\u0113lamies turpin\u0101t dar\u012bt savu darbu, lai tie, kas ar mums sadarbojas, var\u0113tu mier\u012bgi koncentr\u0113ties uz to, kas vi\u0146iem padodas, \u013caujot mums dar\u012bt to, kas padodas mums - b\u016bvniec\u012bba.\u201d","url_m24semy9xj":"https:\/\/mittperlebach.ee\/lv\/"}]}},"_links":{"self":[{"href":"https:\/\/hepsor.lv\/zalajugla\/wp-json\/wp\/v2\/pages\/5","targetHints":{"allow":["GET"]}}],"collection":[{"href":"https:\/\/hepsor.lv\/zalajugla\/wp-json\/wp\/v2\/pages"}],"about":[{"href":"https:\/\/hepsor.lv\/zalajugla\/wp-json\/wp\/v2\/types\/page"}],"author":[{"embeddable":true,"href":"https:\/\/hepsor.lv\/zalajugla\/wp-json\/wp\/v2\/users\/1"}],"replies":[{"embeddable":true,"href":"https:\/\/hepsor.lv\/zalajugla\/wp-json\/wp\/v2\/comments?post=5"}],"version-history":[{"count":0,"href":"https:\/\/hepsor.lv\/zalajugla\/wp-json\/wp\/v2\/pages\/5\/revisions"}],"wp:featuredmedia":[{"embeddable":true,"href":"https:\/\/hepsor.lv\/zalajugla\/wp-json\/wp\/v2\/media\/885"}],"wp:attachment":[{"href":"https:\/\/hepsor.lv\/zalajugla\/wp-json\/wp\/v2\/media?parent=5"}],"curies":[{"name":"wp","href":"https:\/\/api.w.org\/{rel}","templated":true}]}}