{"id":6,"date":"2024-09-02T08:02:32","date_gmt":"2024-09-02T08:02:32","guid":{"rendered":"https:\/\/hepsor.lv\/zalajugla\/?page_id=6"},"modified":"2026-01-07T11:19:19","modified_gmt":"2026-01-07T11:19:19","slug":"place","status":"publish","type":"page","link":"https:\/\/hepsor.lv\/zalajugla\/place\/","title":{"rendered":"Place"},"content":{"rendered":"","protected":false},"excerpt":{"rendered":"","protected":false},"author":1,"featured_media":94,"parent":0,"menu_order":0,"comment_status":"closed","ping_status":"closed","template":"page-templates\/place-page.php","meta":{"footnotes":""},"class_list":["post-6","page","type-page","status-publish","has-post-thumbnail","hentry"],"meta_box":{"environment_video_url":"","mobile_thumbnail":{"width":150,"height":150,"file":"2024\/12\/place-mob.png","filesize":1399484,"sizes":{"medium":{"file":"place-mob-265x300.png","width":265,"height":300,"mime-type":"image\/png","filesize":175196,"url":"https:\/\/hepsor.lv\/zalajugla\/wp-content\/uploads\/2024\/12\/place-mob-265x300.png"},"thumbnail":{"file":"place-mob-150x150.png","width":150,"height":150,"mime-type":"image\/png","filesize":51033,"url":"https:\/\/hepsor.lv\/zalajugla\/wp-content\/uploads\/2024\/12\/place-mob-150x150.png"},"medium_large":{"file":"place-mob-768x868.png","width":768,"height":868,"mime-type":"image\/png","filesize":1328200,"url":"https:\/\/hepsor.lv\/zalajugla\/wp-content\/uploads\/2024\/12\/place-mob-768x868.png"}},"image_meta":{"aperture":"0","credit":"","camera":"","caption":"","created_timestamp":"0","copyright":"","focal_length":"0","iso":"0","shutter_speed":"0","title":"","orientation":"0","keywords":[]},"ID":"509","name":"place-mob.png","path":"\/data03\/virt47869\/domeenid\/www.hepsor.ee\/lv\/zalajugla\/wp-content\/uploads\/2024\/12\/place-mob.png","url":"https:\/\/hepsor.lv\/zalajugla\/wp-content\/uploads\/2024\/12\/place-mob-150x150.png","full_url":"https:\/\/hepsor.lv\/zalajugla\/wp-content\/uploads\/2024\/12\/place-mob.png","title":"place-mob","caption":"","description":"","alt":"","srcset":false},"stats":[],"building_stats":[],"title_group":{"title":["Gr\u0101venheides\u00a0 mui\u017ea -","vasarn\u012bca Juglas","ezera krast\u0101"],"description":"Juglas apk\u0101rtnei ir sena v\u0113sture ar ma\u0123isku atmosf\u0113ru, kuru cilv\u0113ki nov\u0113rt\u0113ju\u0161i jau gadsmitiem ilgi. 18. gadsimta viduc\u012b, Juglas ezera krast\u0101, tika rad\u012bta \u0101rpils\u0113tas vasarn\u012bca baroka lab\u0101kaj\u0101s trad\u012bcij\u0101s \u2013 Gr\u0101venheides mui\u017ea. T\u0101 pieder\u0113ja lieltirgot\u0101jam, Liel\u0101s \u0123ildes eltermanim, Melngalvju vec\u0101kajam un Zil\u0101s gvardes komandierim jeb rotmistram Ernstam Heidefogelam (Heydevogel, 1723\u20131788).","citation_group":{"citation":"95","author":"Johans Gotfrieds Von Herders","subtitle":"Filosofs, Dzejnieks","description":"Avots: \u201cVisp\u0101r\u012bgo un praktisko zin\u0101\u0161anu bibliot\u0113ka. 5. s\u0113j.\u201d (1905). V. Budberga glezna, 1780\u20141781","author_image":"98"}},"attractions_group":{"title":"Apk\u0101rtnes iesp\u0113jas","attraction":[{"title":"Transports \/ Kust\u012bba","description":"Pl\u016bstot cauri galvaspils\u0113tas infrastrukt\u016bras galvenajai art\u0113rijai, Juglu raksturo pla\u0161as mobilit\u0101tes iesp\u0113jas. T\u0101 ir pirm\u0101 un p\u0113d\u0113j\u0101 R\u012bgas pils\u0113tas pieturvieta, kur\u0101 piest\u0101j visi starppils\u0113tu autobusi, kas dodas Vidzemes virzien\u0101. ","image":"99"},{"title":"Br\u012bvdabas muzejs","description":"Otrpus Juglas ezeram ir unik\u0101ls muzejs, kas ir viens no vec\u0101kajiem un liel\u0101kajiem br\u012bvdabas muzejiem Eirop\u0101 \u2013 durvis uz pirmo muzeja ekspoz\u012bciju apmekl\u0113t\u0101jiem tika v\u0113rtas jau 1932. gad\u0101. ","image":"100"},{"title":"Akt\u012bv\u0101s atp\u016btas iesp\u0113jas","description":"Dabas m\u012b\u013cot\u0101ji nov\u0113rt\u0113s pastaigas za\u013c\u0101 vid\u0113, kur baud\u012bt gan akt\u012bv\u0101ku, gan laisk\u0101ku atp\u016btu jebkur\u0101 sezon\u0101. Apsl\u0113ptais Juglas d\u0101rgums \u2013 B\u0101bel\u012b\u0161a ezers, p\u0101rsteigs ar \u0101rpils\u0113tas atmosf\u0113ru, pied\u0101v\u0101jot iekoptu pludmales zonu, me\u017ea taku ap ezeru un b\u0113rnu laukumi\u0146u.","image":"102"},{"title":"R\u012bgas Motormuzejs","description":"Liel\u0101kais seno sp\u0113kratu muzejs Baltijas valst\u012bs, kas dibin\u0101ts 1989. gad\u0101 p\u0113c Latvijas Ant\u012bko automobi\u013cu kluba iniciat\u012bvas. Muzejs atrodas R\u012bgas austrumu da\u013c\u0101, Me\u017eciem\u0101, pie pa\u0161as Juglas teritorijas robe\u017eas. ","image":"101"},{"title":"\u0112din\u0101\u0161ana","description":"Paviesojies \u0123imenes restor\u0101nos \"Veranda\" un \"Bea Basil\", kafejn\u012bc\u0101 \"Kitchen IN\" un su\u0161i restor\u0101n\u0101 \"Captain Sushi\". Ja esi amatlaus cien\u012bt\u0101js, vienaldz\u012bgu neatst\u0101s \"Br\u016bzis Manifakt\u016bra\" pied\u0101v\u0101jums.","image":"103"}],"decorative_image":"104"},"title":"","video_url":"","mobile_video_url":"","energo_image":false,"decorative_image":false,"exterior_group":[],"interior_group":[],"details_group":[],"environment_group":[],"slider":[],"amenities_group":[],"technical_group":[],"partners_group":[]},"_links":{"self":[{"href":"https:\/\/hepsor.lv\/zalajugla\/wp-json\/wp\/v2\/pages\/6","targetHints":{"allow":["GET"]}}],"collection":[{"href":"https:\/\/hepsor.lv\/zalajugla\/wp-json\/wp\/v2\/pages"}],"about":[{"href":"https:\/\/hepsor.lv\/zalajugla\/wp-json\/wp\/v2\/types\/page"}],"author":[{"embeddable":true,"href":"https:\/\/hepsor.lv\/zalajugla\/wp-json\/wp\/v2\/users\/1"}],"replies":[{"embeddable":true,"href":"https:\/\/hepsor.lv\/zalajugla\/wp-json\/wp\/v2\/comments?post=6"}],"version-history":[{"count":0,"href":"https:\/\/hepsor.lv\/zalajugla\/wp-json\/wp\/v2\/pages\/6\/revisions"}],"wp:featuredmedia":[{"embeddable":true,"href":"https:\/\/hepsor.lv\/zalajugla\/wp-json\/wp\/v2\/media\/94"}],"wp:attachment":[{"href":"https:\/\/hepsor.lv\/zalajugla\/wp-json\/wp\/v2\/media?parent=6"}],"curies":[{"name":"wp","href":"https:\/\/api.w.org\/{rel}","templated":true}]}}