{"id":8,"date":"2024-09-02T08:02:32","date_gmt":"2024-09-02T08:02:32","guid":{"rendered":"https:\/\/hepsor.lv\/zalajugla\/?page_id=8"},"modified":"2026-01-07T11:18:45","modified_gmt":"2026-01-07T11:18:45","slug":"gallery","status":"publish","type":"page","link":"https:\/\/hepsor.lv\/zalajugla\/gallery\/","title":{"rendered":"Gallery"},"content":{"rendered":"","protected":false},"excerpt":{"rendered":"","protected":false},"author":1,"featured_media":912,"parent":0,"menu_order":0,"comment_status":"closed","ping_status":"closed","template":"page-templates\/gallery-page.php","meta":{"footnotes":""},"class_list":["post-8","page","type-page","status-publish","has-post-thumbnail","hentry"],"meta_box":{"environment_video_url":"","mobile_thumbnail":{"width":150,"height":150,"file":"2025\/09\/gallery-2.png","filesize":1477783,"sizes":{"medium":{"file":"gallery-2-245x300.png","width":245,"height":300,"mime-type":"image\/png","filesize":53073,"url":"https:\/\/hepsor.lv\/zalajugla\/wp-content\/uploads\/2025\/09\/gallery-2-245x300.png"},"thumbnail":{"file":"gallery-2-150x150.png","width":150,"height":150,"mime-type":"image\/png","filesize":19809,"url":"https:\/\/hepsor.lv\/zalajugla\/wp-content\/uploads\/2025\/09\/gallery-2-150x150.png"},"medium_large":{"file":"gallery-2-768x939.png","width":768,"height":939,"mime-type":"image\/png","filesize":431992,"url":"https:\/\/hepsor.lv\/zalajugla\/wp-content\/uploads\/2025\/09\/gallery-2-768x939.png"}},"image_meta":{"aperture":"0","credit":"","camera":"","caption":"","created_timestamp":"0","copyright":"","focal_length":"0","iso":"0","shutter_speed":"0","title":"","orientation":"0","keywords":[]},"ID":"914","name":"gallery-2.png","path":"\/data03\/virt47869\/domeenid\/www.hepsor.ee\/lv\/zalajugla\/wp-content\/uploads\/2025\/09\/gallery-2.png","url":"https:\/\/hepsor.lv\/zalajugla\/wp-content\/uploads\/2025\/09\/gallery-2-150x150.png","full_url":"https:\/\/hepsor.lv\/zalajugla\/wp-content\/uploads\/2025\/09\/gallery-2.png","title":"gallery-2","caption":"","description":"","alt":"","srcset":false},"stats":[],"building_stats":[],"title_group":[],"attractions_group":[],"title":"Eksterjers kop\u0101 ar interjera harmonisko v\u0113st\u012bjumu, nodro\u0161in\u0101s m\u0101ju saj\u016btu ikvienam.","video_url":"https:\/\/cdn.muse.ai\/u\/NH6Wj7U\/6f2ab04a67d4a4679b177195981ee0633ce2b794e7d4b075a904b640cc8118cb\/videos\/video.mp4","mobile_video_url":"https:\/\/cdn.muse.ai\/u\/NH6Wj7U\/b9530d31d959cfa02a5d7adbaf4b8d8285eae987084694109950253b53e5c52b\/videos\/video.mp4","energo_image":{"filesize":11414,"ID":"911","name":"efficiency.svg","path":"\/data03\/virt47869\/domeenid\/www.hepsor.ee\/lv\/zalajugla\/wp-content\/uploads\/2025\/09\/efficiency.svg","url":"https:\/\/hepsor.lv\/zalajugla\/wp-content\/uploads\/2025\/09\/efficiency.svg","full_url":"https:\/\/hepsor.lv\/zalajugla\/wp-content\/uploads\/2025\/09\/efficiency.svg","title":"efficiency","caption":"","description":"","alt":"","srcset":false,"width":1,"height":1},"decorative_image":{"filesize":106493,"ID":"91","name":"zalajugla-white.svg","path":"\/data03\/virt47869\/domeenid\/www.hepsor.ee\/lv\/zalajugla\/wp-content\/uploads\/2024\/09\/zalajugla-white.svg","url":"https:\/\/hepsor.lv\/zalajugla\/wp-content\/uploads\/2024\/09\/zalajugla-white.svg","full_url":"https:\/\/hepsor.lv\/zalajugla\/wp-content\/uploads\/2024\/09\/zalajugla-white.svg","title":"zalajugla-white","caption":"","description":"","alt":"","srcset":false,"width":1,"height":1},"exterior_group":{"title":"Eksterjers","description":"Dabas kl\u0101tb\u016btne sniedz noz\u012bm\u012bgu ieguvumu \u2013 uzlabo noska\u0146ojumu, nodro\u0161ina mo\u017eu garu, augst\u0101ku pa\u0161v\u0113rt\u0113jumu un stiprina vesel\u012bbu. Za\u013caj\u0101 Jugl\u0101 veido tiek pie\u0161\u0137irta \u012bpa\u0161a noz\u012bme. Dabai esot so\u013ca att\u0101lum\u0101, baudiet pastaigas bag\u0101t\u012bgo koku audz\u0113 vai veldz\u0113jo\u0161as peldes ezer\u0101.","slider_images":["917","928","915","925","916","918","919","920","921","923","924","926","927","922","929"]},"interior_group":{"title":"Interjers","description":"M\u0101jas ir miera osta, kur rast atelpu p\u0113c ikdienas skr\u0113jiena un rad\u012bt labsaj\u016btu vis\u0101m ma\u0146\u0101m. To paturot pr\u0101t\u0101, pied\u0101v\u0101jam harmoniskus, gai\u0161as tonalit\u0101tes un dabas iedvesmotus apdares risin\u0101jumus. Pied\u0101v\u0101jam izv\u0113lei tr\u012bs apdares kolekcijas, kas \u013caus izv\u0113l\u0113ties savam noska\u0146ojumam piem\u0113rot\u0101ko.","slider_images":["2243","2240","2237","2234","2231","2228","2225","2222","2219","2216","2213","2210"]},"details_group":[],"environment_group":[],"slider":[],"amenities_group":[],"technical_group":[],"partners_group":[]},"_links":{"self":[{"href":"https:\/\/hepsor.lv\/zalajugla\/wp-json\/wp\/v2\/pages\/8","targetHints":{"allow":["GET"]}}],"collection":[{"href":"https:\/\/hepsor.lv\/zalajugla\/wp-json\/wp\/v2\/pages"}],"about":[{"href":"https:\/\/hepsor.lv\/zalajugla\/wp-json\/wp\/v2\/types\/page"}],"author":[{"embeddable":true,"href":"https:\/\/hepsor.lv\/zalajugla\/wp-json\/wp\/v2\/users\/1"}],"replies":[{"embeddable":true,"href":"https:\/\/hepsor.lv\/zalajugla\/wp-json\/wp\/v2\/comments?post=8"}],"version-history":[{"count":0,"href":"https:\/\/hepsor.lv\/zalajugla\/wp-json\/wp\/v2\/pages\/8\/revisions"}],"wp:featuredmedia":[{"embeddable":true,"href":"https:\/\/hepsor.lv\/zalajugla\/wp-json\/wp\/v2\/media\/912"}],"wp:attachment":[{"href":"https:\/\/hepsor.lv\/zalajugla\/wp-json\/wp\/v2\/media?parent=8"}],"curies":[{"name":"wp","href":"https:\/\/api.w.org\/{rel}","templated":true}]}}